{"id":19971,"date":"2022-09-08T08:12:41","date_gmt":"2022-09-08T08:12:41","guid":{"rendered":"https:\/\/ampsite.demo.ly\/fr\/product\/kerosene\/"},"modified":"2023-11-26T13:00:56","modified_gmt":"2023-11-26T13:00:56","slug":"kerosene","status":"publish","type":"product","link":"https:\/\/almadinamisurata.ly\/fr\/product\/kerosene\/","title":{"rendered":"k\u00e9ros\u00e8ne"},"content":{"rendered":"<p>Plante dilu\u00e9e de diff\u00e9rents types de solvants pour faciliter toutes sortes de peintures \u00e0 l&rsquo;huile sans effet sur le brillant et<br \/>\naspect final des peintures<\/p>\n","protected":false},"excerpt":{"rendered":"<p>Plante dilu\u00e9e de diff\u00e9rents types de solvants pour faciliter toutes sortes de peintures \u00e0 l&rsquo;huile sans effet sur le brillant et aspect final des peintures<\/p>\n","protected":false},"featured_media":20214,"template":"","meta":{"_acf_changed":false},"product_brand":[],"product_cat":[3463],"product_tag":[],"designs":[],"class_list":{"0":"post-19971","1":"product","2":"type-product","3":"status-publish","4":"has-post-thumbnail","6":"product_cat-solvant","8":"first","9":"instock","10":"product-type-variable"},"acf":[],"_links":{"self":[{"href":"https:\/\/almadinamisurata.ly\/fr\/wp-json\/wp\/v2\/product\/19971","targetHints":{"allow":["GET"]}}],"collection":[{"href":"https:\/\/almadinamisurata.ly\/fr\/wp-json\/wp\/v2\/product"}],"about":[{"href":"https:\/\/almadinamisurata.ly\/fr\/wp-json\/wp\/v2\/types\/product"}],"wp:featuredmedia":[{"embeddable":true,"href":"https:\/\/almadinamisurata.ly\/fr\/wp-json\/wp\/v2\/media\/20214"}],"wp:attachment":[{"href":"https:\/\/almadinamisurata.ly\/fr\/wp-json\/wp\/v2\/media?parent=19971"}],"wp:term":[{"taxonomy":"product_brand","embeddable":true,"href":"https:\/\/almadinamisurata.ly\/fr\/wp-json\/wp\/v2\/product_brand?post=19971"},{"taxonomy":"product_cat","embeddable":true,"href":"https:\/\/almadinamisurata.ly\/fr\/wp-json\/wp\/v2\/product_cat?post=19971"},{"taxonomy":"product_tag","embeddable":true,"href":"https:\/\/almadinamisurata.ly\/fr\/wp-json\/wp\/v2\/product_tag?post=19971"},{"taxonomy":"designs","embeddable":true,"href":"https:\/\/almadinamisurata.ly\/fr\/wp-json\/wp\/v2\/designs?post=19971"}],"curies":[{"name":"wp","href":"https:\/\/api.w.org\/{rel}","templated":true}]}}