{"id":19975,"date":"2022-09-08T08:12:41","date_gmt":"2022-09-08T08:12:41","guid":{"rendered":"https:\/\/ampsite.demo.ly\/fr\/product\/isocoll\/"},"modified":"2024-11-12T12:43:19","modified_gmt":"2024-11-12T12:43:19","slug":"isocoll","status":"publish","type":"product","link":"https:\/\/almadinamisurata.ly\/fr\/product\/isocoll\/","title":{"rendered":"Colle pour carrelage ISOCOLL C1"},"content":{"rendered":"<p>Conforme aux normes europ\u00e9ennes En12004\/C1<br \/>\nColle \u00e0 base de ciment (poudre) utilis\u00e9e pour coller les carreaux de c\u00e9ramique pour les sols int\u00e9rieurs des cuisines et des salles de bains et des laboratoires, dont l&rsquo;\u00e9paisseur de couche ne d\u00e9passe pas 10 mm. Elle se caract\u00e9rise par une bonne force d&rsquo;adh\u00e9rence, un bon temps ouvert qui permet de terminer le processus d&rsquo;installation sans probl\u00e8me, elle est utilis\u00e9e \u00e0 des temp\u00e9ratures sup\u00e9rieures \u00e0 5\u00b0C et jusqu&rsquo;\u00e0 4\u00b0F, 35\u00b0 C, utilis\u00e9e pour les carreaux de petite taille.<br \/>\n<strong>Sp\u00e9cifications techniques :<\/strong><br \/>\nISOCOLL C1 est une colle c\u00e9ramique \u00e0 base de ciment Portland \u00e0 tr\u00e8s haute r\u00e9sistance. Associ\u00e9 \u00e0 d&rsquo;autres additifs en plus du sable de haute qualit\u00e9, le produit a \u00e9t\u00e9 fabriqu\u00e9 selon les besoins du march\u00e9 pour des produits \u00e9conomiques, mais en m\u00eame temps il est fabriqu\u00e9 selon la sp\u00e9cification europ\u00e9enne ISO<br \/>\nEn12004\/C1 afin de r\u00e9pondre aux exigences du march\u00e9 et des entreprises de construction<\/p>\n","protected":false},"excerpt":{"rendered":"<p>Conforme aux normes europ\u00e9ennes En12004\/C1 Colle \u00e0 base de ciment (poudre) utilis\u00e9e pour coller les carreaux de c\u00e9ramique pour les sols int\u00e9rieurs des cuisines et des salles de bains et des laboratoires, dont l&rsquo;\u00e9paisseur de couche ne d\u00e9passe pas 10 mm. Elle se caract\u00e9rise par une bonne force d&rsquo;adh\u00e9rence, un bon temps ouvert qui permet [&hellip;]<\/p>\n","protected":false},"featured_media":20362,"template":"","meta":{"_acf_changed":false},"product_brand":[],"product_cat":[3464],"product_tag":[],"designs":[3444],"class_list":{"0":"post-19975","1":"product","2":"type-product","3":"status-publish","4":"has-post-thumbnail","6":"product_cat-materiaux-de-construction","7":"designs-interieure","9":"first","10":"instock","11":"product-type-simple"},"acf":[],"_links":{"self":[{"href":"https:\/\/almadinamisurata.ly\/fr\/wp-json\/wp\/v2\/product\/19975","targetHints":{"allow":["GET"]}}],"collection":[{"href":"https:\/\/almadinamisurata.ly\/fr\/wp-json\/wp\/v2\/product"}],"about":[{"href":"https:\/\/almadinamisurata.ly\/fr\/wp-json\/wp\/v2\/types\/product"}],"wp:featuredmedia":[{"embeddable":true,"href":"https:\/\/almadinamisurata.ly\/fr\/wp-json\/wp\/v2\/media\/20362"}],"wp:attachment":[{"href":"https:\/\/almadinamisurata.ly\/fr\/wp-json\/wp\/v2\/media?parent=19975"}],"wp:term":[{"taxonomy":"product_brand","embeddable":true,"href":"https:\/\/almadinamisurata.ly\/fr\/wp-json\/wp\/v2\/product_brand?post=19975"},{"taxonomy":"product_cat","embeddable":true,"href":"https:\/\/almadinamisurata.ly\/fr\/wp-json\/wp\/v2\/product_cat?post=19975"},{"taxonomy":"product_tag","embeddable":true,"href":"https:\/\/almadinamisurata.ly\/fr\/wp-json\/wp\/v2\/product_tag?post=19975"},{"taxonomy":"designs","embeddable":true,"href":"https:\/\/almadinamisurata.ly\/fr\/wp-json\/wp\/v2\/designs?post=19975"}],"curies":[{"name":"wp","href":"https:\/\/api.w.org\/{rel}","templated":true}]}}