{"id":19983,"date":"2022-09-08T08:12:41","date_gmt":"2022-09-08T08:12:41","guid":{"rendered":"https:\/\/ampsite.demo.ly\/fr\/product\/latex-sbr\/"},"modified":"2022-10-13T09:12:51","modified_gmt":"2022-10-13T09:12:51","slug":"latex-sbr","status":"publish","type":"product","link":"https:\/\/almadinamisurata.ly\/fr\/product\/latex-sbr\/","title":{"rendered":"latex sbr"},"content":{"rendered":"<p>Latex SBR est une mati\u00e8re de haute qualit\u00e9 et de<br \/>\nconcentration \u00e9lev\u00e9e ;<br \/>\najouter au b\u00e9ton et au ciment pour renforcer<br \/>\nla duret\u00e9 et l\u2019imperm\u00e9abilit\u00e9 \u00e0 l\u2019eau.<br \/>\nUtiliser avec tous les types de b\u00e9ton.<\/p>\n","protected":false},"excerpt":{"rendered":"<p>Latex SBR est une mati\u00e8re de haute qualit\u00e9 et de concentration \u00e9lev\u00e9e ; ajouter au b\u00e9ton et au ciment pour renforcer la duret\u00e9 et l\u2019imperm\u00e9abilit\u00e9 \u00e0 l\u2019eau. Utiliser avec tous les types de b\u00e9ton.<\/p>\n","protected":false},"featured_media":20087,"template":"","meta":{"_acf_changed":false},"product_brand":[],"product_cat":[3464],"product_tag":[],"designs":[],"class_list":{"0":"post-19983","1":"product","2":"type-product","3":"status-publish","4":"has-post-thumbnail","6":"product_cat-materiaux-de-construction","8":"first","9":"instock","10":"product-type-simple"},"acf":[],"_links":{"self":[{"href":"https:\/\/almadinamisurata.ly\/fr\/wp-json\/wp\/v2\/product\/19983","targetHints":{"allow":["GET"]}}],"collection":[{"href":"https:\/\/almadinamisurata.ly\/fr\/wp-json\/wp\/v2\/product"}],"about":[{"href":"https:\/\/almadinamisurata.ly\/fr\/wp-json\/wp\/v2\/types\/product"}],"wp:featuredmedia":[{"embeddable":true,"href":"https:\/\/almadinamisurata.ly\/fr\/wp-json\/wp\/v2\/media\/20087"}],"wp:attachment":[{"href":"https:\/\/almadinamisurata.ly\/fr\/wp-json\/wp\/v2\/media?parent=19983"}],"wp:term":[{"taxonomy":"product_brand","embeddable":true,"href":"https:\/\/almadinamisurata.ly\/fr\/wp-json\/wp\/v2\/product_brand?post=19983"},{"taxonomy":"product_cat","embeddable":true,"href":"https:\/\/almadinamisurata.ly\/fr\/wp-json\/wp\/v2\/product_cat?post=19983"},{"taxonomy":"product_tag","embeddable":true,"href":"https:\/\/almadinamisurata.ly\/fr\/wp-json\/wp\/v2\/product_tag?post=19983"},{"taxonomy":"designs","embeddable":true,"href":"https:\/\/almadinamisurata.ly\/fr\/wp-json\/wp\/v2\/designs?post=19983"}],"curies":[{"name":"wp","href":"https:\/\/api.w.org\/{rel}","templated":true}]}}