{"id":19985,"date":"2022-09-08T08:12:41","date_gmt":"2022-09-08T08:12:41","guid":{"rendered":"https:\/\/ampsite.demo.ly\/fr\/product\/dry-grout\/"},"modified":"2023-11-26T12:35:59","modified_gmt":"2023-11-26T12:35:59","slug":"dry-grout","status":"publish","type":"product","link":"https:\/\/almadinamisurata.ly\/fr\/product\/dry-grout\/","title":{"rendered":"Dry Grout"},"content":{"rendered":"<p>Mortier de jointoiement d\u00e9coratif \u00e0 base de ciment \u00e0 base de ciment sec de haute qualit\u00e9 modifi\u00e9, color\u00e9, pour joints \u00e9troits sous forme de poudre. Le coulis n\u00e9cessite l&rsquo;ajout d&rsquo;eau sur place. Le coulis est id\u00e9al pour les applications internes et externes<\/p>\n","protected":false},"excerpt":{"rendered":"<p>Mortier de jointoiement d\u00e9coratif \u00e0 base de ciment \u00e0 base de ciment sec de haute qualit\u00e9 modifi\u00e9, color\u00e9, pour joints \u00e9troits sous forme de poudre. Le coulis n\u00e9cessite l&rsquo;ajout d&rsquo;eau sur place. Le coulis est id\u00e9al pour les applications internes et externes<\/p>\n","protected":false},"featured_media":20210,"template":"","meta":{"_acf_changed":false},"product_brand":[],"product_cat":[3464],"product_tag":[],"designs":[3444,3450],"class_list":{"0":"post-19985","1":"product","2":"type-product","3":"status-publish","4":"has-post-thumbnail","6":"product_cat-materiaux-de-construction","7":"designs-interieure","8":"designs-exterieure","10":"first","11":"instock","12":"product-type-simple"},"acf":[],"_links":{"self":[{"href":"https:\/\/almadinamisurata.ly\/fr\/wp-json\/wp\/v2\/product\/19985","targetHints":{"allow":["GET"]}}],"collection":[{"href":"https:\/\/almadinamisurata.ly\/fr\/wp-json\/wp\/v2\/product"}],"about":[{"href":"https:\/\/almadinamisurata.ly\/fr\/wp-json\/wp\/v2\/types\/product"}],"wp:featuredmedia":[{"embeddable":true,"href":"https:\/\/almadinamisurata.ly\/fr\/wp-json\/wp\/v2\/media\/20210"}],"wp:attachment":[{"href":"https:\/\/almadinamisurata.ly\/fr\/wp-json\/wp\/v2\/media?parent=19985"}],"wp:term":[{"taxonomy":"product_brand","embeddable":true,"href":"https:\/\/almadinamisurata.ly\/fr\/wp-json\/wp\/v2\/product_brand?post=19985"},{"taxonomy":"product_cat","embeddable":true,"href":"https:\/\/almadinamisurata.ly\/fr\/wp-json\/wp\/v2\/product_cat?post=19985"},{"taxonomy":"product_tag","embeddable":true,"href":"https:\/\/almadinamisurata.ly\/fr\/wp-json\/wp\/v2\/product_tag?post=19985"},{"taxonomy":"designs","embeddable":true,"href":"https:\/\/almadinamisurata.ly\/fr\/wp-json\/wp\/v2\/designs?post=19985"}],"curies":[{"name":"wp","href":"https:\/\/api.w.org\/{rel}","templated":true}]}}