{"id":19986,"date":"2022-09-08T08:12:41","date_gmt":"2022-09-08T08:12:41","guid":{"rendered":"https:\/\/ampsite.demo.ly\/fr\/product\/fiber-stuck\/"},"modified":"2022-10-15T12:52:29","modified_gmt":"2022-10-15T12:52:29","slug":"fiber-stuck","status":"publish","type":"product","link":"https:\/\/almadinamisurata.ly\/fr\/product\/fiber-stuck\/","title":{"rendered":"Fiber stuck"},"content":{"rendered":"<p>La p\u00e2te de polyester renforc\u00e9e de fibres se compose de deux compos\u00e9s adapt\u00e9s pour couvrir de petits trous r\u00e9sultant de la corrosion et remplir les rayures et les bosses dans les structures de voiture caract\u00e9ris\u00e9es par sa capacit\u00e9 \u00e0 remplir et la faciliter de pon\u00e7age.<\/p>\n","protected":false},"excerpt":{"rendered":"<p>La p\u00e2te de polyester renforc\u00e9e de fibres se compose de deux compos\u00e9s adapt\u00e9s pour couvrir de petits trous r\u00e9sultant de la corrosion et remplir les rayures et les bosses dans les structures de voiture caract\u00e9ris\u00e9es par sa capacit\u00e9 \u00e0 remplir et la faciliter de pon\u00e7age.<\/p>\n","protected":false},"featured_media":20094,"template":"","meta":{"_acf_changed":false},"product_brand":[],"product_cat":[3467],"product_tag":[],"designs":[],"class_list":{"0":"post-19986","1":"product","2":"type-product","3":"status-publish","4":"has-post-thumbnail","6":"product_cat-peintures-automobiles","8":"first","9":"instock","10":"product-type-simple"},"acf":[],"_links":{"self":[{"href":"https:\/\/almadinamisurata.ly\/fr\/wp-json\/wp\/v2\/product\/19986","targetHints":{"allow":["GET"]}}],"collection":[{"href":"https:\/\/almadinamisurata.ly\/fr\/wp-json\/wp\/v2\/product"}],"about":[{"href":"https:\/\/almadinamisurata.ly\/fr\/wp-json\/wp\/v2\/types\/product"}],"wp:featuredmedia":[{"embeddable":true,"href":"https:\/\/almadinamisurata.ly\/fr\/wp-json\/wp\/v2\/media\/20094"}],"wp:attachment":[{"href":"https:\/\/almadinamisurata.ly\/fr\/wp-json\/wp\/v2\/media?parent=19986"}],"wp:term":[{"taxonomy":"product_brand","embeddable":true,"href":"https:\/\/almadinamisurata.ly\/fr\/wp-json\/wp\/v2\/product_brand?post=19986"},{"taxonomy":"product_cat","embeddable":true,"href":"https:\/\/almadinamisurata.ly\/fr\/wp-json\/wp\/v2\/product_cat?post=19986"},{"taxonomy":"product_tag","embeddable":true,"href":"https:\/\/almadinamisurata.ly\/fr\/wp-json\/wp\/v2\/product_tag?post=19986"},{"taxonomy":"designs","embeddable":true,"href":"https:\/\/almadinamisurata.ly\/fr\/wp-json\/wp\/v2\/designs?post=19986"}],"curies":[{"name":"wp","href":"https:\/\/api.w.org\/{rel}","templated":true}]}}