{"id":19987,"date":"2022-09-08T08:12:41","date_gmt":"2022-09-08T08:12:41","guid":{"rendered":"https:\/\/ampsite.demo.ly\/fr\/product\/almadina-stuck\/"},"modified":"2022-10-15T12:59:53","modified_gmt":"2022-10-15T12:59:53","slug":"almadina-stuck","status":"publish","type":"product","link":"https:\/\/almadinamisurata.ly\/fr\/product\/almadina-stuck\/","title":{"rendered":"Almadina Stuck"},"content":{"rendered":"<p>Pate de deux r\u00e9cipient ; compos\u00e9 essentiellement au polyester ; force de collage au fer tr\u00e8s \u00e9lev\u00e9e ; pon\u00e7age facile, facile \u00e0 m\u00e9langer et \u00e0 appliquer ; utiliser pour les toits de voiture endommag\u00e9s ; pour remplir les pores r\u00e9sultant de pr\u00e9paration automobile. Utilis\u00e9 pour les structures de voiture et les surfaces m\u00e9talliques.<\/p>\n","protected":false},"excerpt":{"rendered":"<p>Pate de deux r\u00e9cipient ; compos\u00e9 essentiellement au polyester ; force de collage au fer tr\u00e8s \u00e9lev\u00e9e ; pon\u00e7age facile, facile \u00e0 m\u00e9langer et \u00e0 appliquer ; utiliser pour les toits de voiture endommag\u00e9s ; pour remplir les pores r\u00e9sultant de pr\u00e9paration automobile. Utilis\u00e9 pour les structures de voiture et les surfaces m\u00e9talliques.<\/p>\n","protected":false},"featured_media":20098,"template":"","meta":{"_acf_changed":false},"product_brand":[],"product_cat":[3467],"product_tag":[],"designs":[],"class_list":{"0":"post-19987","1":"product","2":"type-product","3":"status-publish","4":"has-post-thumbnail","6":"product_cat-peintures-automobiles","8":"first","9":"instock","10":"product-type-simple"},"acf":[],"_links":{"self":[{"href":"https:\/\/almadinamisurata.ly\/fr\/wp-json\/wp\/v2\/product\/19987","targetHints":{"allow":["GET"]}}],"collection":[{"href":"https:\/\/almadinamisurata.ly\/fr\/wp-json\/wp\/v2\/product"}],"about":[{"href":"https:\/\/almadinamisurata.ly\/fr\/wp-json\/wp\/v2\/types\/product"}],"wp:featuredmedia":[{"embeddable":true,"href":"https:\/\/almadinamisurata.ly\/fr\/wp-json\/wp\/v2\/media\/20098"}],"wp:attachment":[{"href":"https:\/\/almadinamisurata.ly\/fr\/wp-json\/wp\/v2\/media?parent=19987"}],"wp:term":[{"taxonomy":"product_brand","embeddable":true,"href":"https:\/\/almadinamisurata.ly\/fr\/wp-json\/wp\/v2\/product_brand?post=19987"},{"taxonomy":"product_cat","embeddable":true,"href":"https:\/\/almadinamisurata.ly\/fr\/wp-json\/wp\/v2\/product_cat?post=19987"},{"taxonomy":"product_tag","embeddable":true,"href":"https:\/\/almadinamisurata.ly\/fr\/wp-json\/wp\/v2\/product_tag?post=19987"},{"taxonomy":"designs","embeddable":true,"href":"https:\/\/almadinamisurata.ly\/fr\/wp-json\/wp\/v2\/designs?post=19987"}],"curies":[{"name":"wp","href":"https:\/\/api.w.org\/{rel}","templated":true}]}}