{"id":19988,"date":"2022-09-08T08:12:45","date_gmt":"2022-09-08T08:12:45","guid":{"rendered":"https:\/\/ampsite.demo.ly\/fr\/product\/under-coat\/"},"modified":"2022-10-15T12:56:48","modified_gmt":"2022-10-15T12:56:48","slug":"under-coat","status":"publish","type":"product","link":"https:\/\/almadinamisurata.ly\/fr\/product\/under-coat\/","title":{"rendered":"Under coat"},"content":{"rendered":"<p>Peinture s\u00e8che sp\u00e9ciale \u00e0 base d\u2019alkyde con\u00e7ue pour prot\u00e9ger les parties inf\u00e9rieures de la voiture de la rouille, des chocs et des coups de gravier et peut \u00eatre utilis\u00e9e sur des pi\u00e8ces en fer et en m\u00e9tal pour prot\u00e9ger contre la rouille<\/p>\n","protected":false},"excerpt":{"rendered":"<p>Peinture s\u00e8che sp\u00e9ciale \u00e0 base d\u2019alkyde con\u00e7ue pour prot\u00e9ger les parties inf\u00e9rieures de la voiture de la rouille, des chocs et des coups de gravier et peut \u00eatre utilis\u00e9e sur des pi\u00e8ces en fer et en m\u00e9tal pour prot\u00e9ger contre la rouille<\/p>\n","protected":false},"featured_media":20097,"template":"","meta":{"_acf_changed":false},"product_brand":[],"product_cat":[3467],"product_tag":[],"designs":[],"class_list":{"0":"post-19988","1":"product","2":"type-product","3":"status-publish","4":"has-post-thumbnail","6":"product_cat-peintures-automobiles","8":"first","9":"instock","10":"product-type-simple"},"acf":[],"_links":{"self":[{"href":"https:\/\/almadinamisurata.ly\/fr\/wp-json\/wp\/v2\/product\/19988","targetHints":{"allow":["GET"]}}],"collection":[{"href":"https:\/\/almadinamisurata.ly\/fr\/wp-json\/wp\/v2\/product"}],"about":[{"href":"https:\/\/almadinamisurata.ly\/fr\/wp-json\/wp\/v2\/types\/product"}],"wp:featuredmedia":[{"embeddable":true,"href":"https:\/\/almadinamisurata.ly\/fr\/wp-json\/wp\/v2\/media\/20097"}],"wp:attachment":[{"href":"https:\/\/almadinamisurata.ly\/fr\/wp-json\/wp\/v2\/media?parent=19988"}],"wp:term":[{"taxonomy":"product_brand","embeddable":true,"href":"https:\/\/almadinamisurata.ly\/fr\/wp-json\/wp\/v2\/product_brand?post=19988"},{"taxonomy":"product_cat","embeddable":true,"href":"https:\/\/almadinamisurata.ly\/fr\/wp-json\/wp\/v2\/product_cat?post=19988"},{"taxonomy":"product_tag","embeddable":true,"href":"https:\/\/almadinamisurata.ly\/fr\/wp-json\/wp\/v2\/product_tag?post=19988"},{"taxonomy":"designs","embeddable":true,"href":"https:\/\/almadinamisurata.ly\/fr\/wp-json\/wp\/v2\/designs?post=19988"}],"curies":[{"name":"wp","href":"https:\/\/api.w.org\/{rel}","templated":true}]}}