{"id":19989,"date":"2022-09-08T08:12:45","date_gmt":"2022-09-08T08:12:45","guid":{"rendered":"https:\/\/ampsite.demo.ly\/fr\/product\/1k-filler\/"},"modified":"2022-10-15T12:54:47","modified_gmt":"2022-10-15T12:54:47","slug":"1k-filler","status":"publish","type":"product","link":"https:\/\/almadinamisurata.ly\/fr\/product\/1k-filler\/","title":{"rendered":"1K FILLER"},"content":{"rendered":"<p>Un enduit monocomposant r\u00e9alis\u00e9 \u00e0 base d&rsquo;un m\u00e9lange de r\u00e9sines nitrocellulosiques donne un s\u00e9chage tr\u00e8s rapide<br \/>\nConvient pour le remplissage de pr\u00e9cision de dommages mineurs sur les surfaces automobiles avant l&rsquo;application de toute peinture finale, mastic polyester appliqu\u00e9.<br \/>\nEt sous les peintures de voiture finales et duco et polyur\u00e9thane.<\/p>\n","protected":false},"excerpt":{"rendered":"<p>Un enduit monocomposant r\u00e9alis\u00e9 \u00e0 base d&rsquo;un m\u00e9lange de r\u00e9sines nitrocellulosiques donne un s\u00e9chage tr\u00e8s rapide Convient pour le remplissage de pr\u00e9cision de dommages mineurs sur les surfaces automobiles avant l&rsquo;application de toute peinture finale, mastic polyester appliqu\u00e9. Et sous les peintures de voiture finales et duco et polyur\u00e9thane.<\/p>\n","protected":false},"featured_media":20095,"template":"","meta":{"_acf_changed":false},"product_brand":[],"product_cat":[3467],"product_tag":[],"designs":[],"class_list":{"0":"post-19989","1":"product","2":"type-product","3":"status-publish","4":"has-post-thumbnail","6":"product_cat-peintures-automobiles","8":"first","9":"instock","10":"product-type-simple"},"acf":[],"_links":{"self":[{"href":"https:\/\/almadinamisurata.ly\/fr\/wp-json\/wp\/v2\/product\/19989","targetHints":{"allow":["GET"]}}],"collection":[{"href":"https:\/\/almadinamisurata.ly\/fr\/wp-json\/wp\/v2\/product"}],"about":[{"href":"https:\/\/almadinamisurata.ly\/fr\/wp-json\/wp\/v2\/types\/product"}],"wp:featuredmedia":[{"embeddable":true,"href":"https:\/\/almadinamisurata.ly\/fr\/wp-json\/wp\/v2\/media\/20095"}],"wp:attachment":[{"href":"https:\/\/almadinamisurata.ly\/fr\/wp-json\/wp\/v2\/media?parent=19989"}],"wp:term":[{"taxonomy":"product_brand","embeddable":true,"href":"https:\/\/almadinamisurata.ly\/fr\/wp-json\/wp\/v2\/product_brand?post=19989"},{"taxonomy":"product_cat","embeddable":true,"href":"https:\/\/almadinamisurata.ly\/fr\/wp-json\/wp\/v2\/product_cat?post=19989"},{"taxonomy":"product_tag","embeddable":true,"href":"https:\/\/almadinamisurata.ly\/fr\/wp-json\/wp\/v2\/product_tag?post=19989"},{"taxonomy":"designs","embeddable":true,"href":"https:\/\/almadinamisurata.ly\/fr\/wp-json\/wp\/v2\/designs?post=19989"}],"curies":[{"name":"wp","href":"https:\/\/api.w.org\/{rel}","templated":true}]}}