{"id":20071,"date":"2022-10-11T09:46:07","date_gmt":"2022-10-11T09:46:07","guid":{"rendered":"https:\/\/new.almadinamisurata.ly\/fr\/?post_type=product&#038;p=20071"},"modified":"2022-10-11T14:25:20","modified_gmt":"2022-10-11T14:25:20","slug":"peinture-routiere-thermoplastique","status":"publish","type":"product","link":"https:\/\/almadinamisurata.ly\/fr\/product\/peinture-routiere-thermoplastique\/","title":{"rendered":"Peinture routi\u00e8re thermoplastique"},"content":{"rendered":"<p>Peinture routi\u00e8re thermoplastique<br \/>\nPeinture pour panneaux de signalisation utilisant la m\u00e9thode de pulv\u00e9risation \u00e0 chaud, \u00e0 base de r\u00e9sines d&rsquo;hydrocarbures Il fond par chauffage avec des pigments qui donnent de la couleur et contient des charges sp\u00e9ciales.<br \/>\nConforme \u00e0 la norme britannique B.S.S.3262<\/p>\n<p>&#8211; La surface de la route \u00e0 peindre doit \u00eatre bien nettoy\u00e9e, compl\u00e8tement s\u00e8che et compl\u00e8tement exempte de toute huile ou graisse ou de tout autres mat\u00e9riaux qui emp\u00eache la peinture d&rsquo;adh\u00e9rer.<br \/>\n&#8211; Il est recommand\u00e9 d&rsquo;enlever les anciennes peintures si vous souhaitez repeindre.<br \/>\n&#8211; La temp\u00e9rature de chauffage de la machine \u00e0 projeter ne doit pas d\u00e9passer 230\u00b0C, afin de ne pas modifier les propri\u00e9t\u00e9s de la peinture.<br \/>\n&#8211; Utiliser les machines de pulv\u00e9risation appropri\u00e9es selon l&rsquo;\u00e9tat de chaque site.<br \/>\nL&rsquo;\u00e9paisseur des lignes de peinture est comprise entre 1,5 mm et 3 mm. Si 10 % des billes de verre sont utilis\u00e9es dans les composants de la peinture, 10 % suppl\u00e9mentaires sont pulv\u00e9ris\u00e9s lors de la pulv\u00e9risation de peinture.<\/p>\n","protected":false},"excerpt":{"rendered":"<p>Peinture routi\u00e8re thermoplastique Peinture pour panneaux de signalisation utilisant la m\u00e9thode de pulv\u00e9risation \u00e0 chaud, \u00e0 base de r\u00e9sines d&rsquo;hydrocarbures Il fond par chauffage avec des pigments qui donnent de la couleur et contient des charges sp\u00e9ciales. Conforme \u00e0 la norme britannique B.S.S.3262 &#8211; La surface de la route \u00e0 peindre doit \u00eatre bien nettoy\u00e9e, [&hellip;]<\/p>\n","protected":false},"featured_media":20072,"template":"","meta":{"_acf_changed":false},"product_brand":[],"product_cat":[3452],"product_tag":[],"designs":[3450],"class_list":{"0":"post-20071","1":"product","2":"type-product","3":"status-publish","4":"has-post-thumbnail","6":"product_cat-peintures-routieres","7":"designs-exterieure","9":"first","10":"instock","11":"shipping-taxable","12":"product-type-variable"},"acf":[],"_links":{"self":[{"href":"https:\/\/almadinamisurata.ly\/fr\/wp-json\/wp\/v2\/product\/20071","targetHints":{"allow":["GET"]}}],"collection":[{"href":"https:\/\/almadinamisurata.ly\/fr\/wp-json\/wp\/v2\/product"}],"about":[{"href":"https:\/\/almadinamisurata.ly\/fr\/wp-json\/wp\/v2\/types\/product"}],"wp:featuredmedia":[{"embeddable":true,"href":"https:\/\/almadinamisurata.ly\/fr\/wp-json\/wp\/v2\/media\/20072"}],"wp:attachment":[{"href":"https:\/\/almadinamisurata.ly\/fr\/wp-json\/wp\/v2\/media?parent=20071"}],"wp:term":[{"taxonomy":"product_brand","embeddable":true,"href":"https:\/\/almadinamisurata.ly\/fr\/wp-json\/wp\/v2\/product_brand?post=20071"},{"taxonomy":"product_cat","embeddable":true,"href":"https:\/\/almadinamisurata.ly\/fr\/wp-json\/wp\/v2\/product_cat?post=20071"},{"taxonomy":"product_tag","embeddable":true,"href":"https:\/\/almadinamisurata.ly\/fr\/wp-json\/wp\/v2\/product_tag?post=20071"},{"taxonomy":"designs","embeddable":true,"href":"https:\/\/almadinamisurata.ly\/fr\/wp-json\/wp\/v2\/designs?post=20071"}],"curies":[{"name":"wp","href":"https:\/\/api.w.org\/{rel}","templated":true}]}}