{"id":20089,"date":"2022-10-15T10:20:56","date_gmt":"2022-10-15T10:20:56","guid":{"rendered":"https:\/\/new.almadinamisurata.ly\/fr\/?post_type=product&#038;p=20089"},"modified":"2022-11-23T14:29:19","modified_gmt":"2022-11-23T14:29:19","slug":"isocoll-c2","status":"publish","type":"product","link":"https:\/\/almadinamisurata.ly\/fr\/product\/isocoll-c2\/","title":{"rendered":"ISOCOLL C2"},"content":{"rendered":"<p>Ciment-colle c\u00e9ramique utilis\u00e9 Pour la c\u00e9ramique et la porcelaine, le produit a \u00e9t\u00e9 con\u00e7u et fabriqu\u00e9 en choisissant les meilleures mati\u00e8res premi\u00e8res, ou le ciment Portland a \u00e9t\u00e9 utilis\u00e9 avec du ciment alumineux et des charges de diff\u00e9rentes tailles<\/p>\n<p>Conforme aux normes europ\u00e9ennes EN12004<\/p>\n","protected":false},"excerpt":{"rendered":"<p>Ciment-colle c\u00e9ramique utilis\u00e9 Pour la c\u00e9ramique et la porcelaine, le produit a \u00e9t\u00e9 con\u00e7u et fabriqu\u00e9 en choisissant les meilleures mati\u00e8res premi\u00e8res, ou le ciment Portland a \u00e9t\u00e9 utilis\u00e9 avec du ciment alumineux et des charges de diff\u00e9rentes tailles Conforme aux normes europ\u00e9ennes EN12004<\/p>\n","protected":false},"featured_media":20090,"template":"","meta":{"_acf_changed":false},"product_brand":[],"product_cat":[3464],"product_tag":[],"designs":[3444,3450],"class_list":{"0":"post-20089","1":"product","2":"type-product","3":"status-publish","4":"has-post-thumbnail","6":"product_cat-materiaux-de-construction","7":"designs-interieure","8":"designs-exterieure","10":"first","11":"instock","12":"shipping-taxable","13":"product-type-simple"},"acf":[],"_links":{"self":[{"href":"https:\/\/almadinamisurata.ly\/fr\/wp-json\/wp\/v2\/product\/20089","targetHints":{"allow":["GET"]}}],"collection":[{"href":"https:\/\/almadinamisurata.ly\/fr\/wp-json\/wp\/v2\/product"}],"about":[{"href":"https:\/\/almadinamisurata.ly\/fr\/wp-json\/wp\/v2\/types\/product"}],"wp:featuredmedia":[{"embeddable":true,"href":"https:\/\/almadinamisurata.ly\/fr\/wp-json\/wp\/v2\/media\/20090"}],"wp:attachment":[{"href":"https:\/\/almadinamisurata.ly\/fr\/wp-json\/wp\/v2\/media?parent=20089"}],"wp:term":[{"taxonomy":"product_brand","embeddable":true,"href":"https:\/\/almadinamisurata.ly\/fr\/wp-json\/wp\/v2\/product_brand?post=20089"},{"taxonomy":"product_cat","embeddable":true,"href":"https:\/\/almadinamisurata.ly\/fr\/wp-json\/wp\/v2\/product_cat?post=20089"},{"taxonomy":"product_tag","embeddable":true,"href":"https:\/\/almadinamisurata.ly\/fr\/wp-json\/wp\/v2\/product_tag?post=20089"},{"taxonomy":"designs","embeddable":true,"href":"https:\/\/almadinamisurata.ly\/fr\/wp-json\/wp\/v2\/designs?post=20089"}],"curies":[{"name":"wp","href":"https:\/\/api.w.org\/{rel}","templated":true}]}}