{"id":20091,"date":"2022-10-15T12:46:26","date_gmt":"2022-10-15T12:46:26","guid":{"rendered":"https:\/\/new.almadinamisurata.ly\/fr\/?post_type=product&#038;p=20091"},"modified":"2024-10-23T10:26:47","modified_gmt":"2024-10-23T10:26:47","slug":"isocoll-2","status":"publish","type":"product","link":"https:\/\/almadinamisurata.ly\/fr\/product\/isocoll-2\/","title":{"rendered":"ISOCOLL Adh\u00e9sif c\u00e9ramique \u00e9conomique"},"content":{"rendered":"<p>Isocoll est \u00e0 base de ciment de haute qualit\u00e9, pr\u00eat \u00e0 l&#8217;emploi, multi<br \/>\nmortier adh\u00e9sif pour la fixation de carreaux de c\u00e9ramique et de mosa\u00efque<br \/>\nsous forme de poudre. Isocoll n\u00e9cessite l&rsquo;ajout d&rsquo;eau sur place.<br \/>\nIsocoll peut \u00eatre appliqu\u00e9 en technique de couche mince ou \u00e9paisse et est<br \/>\nid\u00e9al pour la fixation de sols et de carreaux muraux, en particulier dans les zones humides<br \/>\ncomme les salles de bains, les salles de douches et les cuisines, dans les<br \/>\nB\u00e2timents publics.<br \/>\nIsocoll convient \u00e0 la fixation de carreaux de marbre, de c\u00e9ramique et de mosa\u00efque;<br \/>\nbriques fines, dalles de sol avec un motif de surface arri\u00e8re prononc\u00e9 pour<br \/>\ndiff\u00e9rents substrats tels que b\u00e9ton, base de ciment enduisent<br \/>\nchapes de murs et de sols, plaques de pl\u00e2tre et de ciment;<br \/>\nmurs en blocs et blocs l\u00e9gers. Pour conditions extr\u00eames.<\/p>\n","protected":false},"excerpt":{"rendered":"<p>Isocoll est \u00e0 base de ciment de haute qualit\u00e9, pr\u00eat \u00e0 l&#8217;emploi, multi mortier adh\u00e9sif pour la fixation de carreaux de c\u00e9ramique et de mosa\u00efque sous forme de poudre. Isocoll n\u00e9cessite l&rsquo;ajout d&rsquo;eau sur place. Isocoll peut \u00eatre appliqu\u00e9 en technique de couche mince ou \u00e9paisse et est id\u00e9al pour la fixation de sols et [&hellip;]<\/p>\n","protected":false},"featured_media":20368,"template":"","meta":{"_acf_changed":false},"product_brand":[],"product_cat":[3464],"product_tag":[],"designs":[3444],"class_list":{"0":"post-20091","1":"product","2":"type-product","3":"status-publish","4":"has-post-thumbnail","6":"product_cat-materiaux-de-construction","7":"designs-interieure","9":"first","10":"instock","11":"shipping-taxable","12":"product-type-simple"},"acf":[],"_links":{"self":[{"href":"https:\/\/almadinamisurata.ly\/fr\/wp-json\/wp\/v2\/product\/20091","targetHints":{"allow":["GET"]}}],"collection":[{"href":"https:\/\/almadinamisurata.ly\/fr\/wp-json\/wp\/v2\/product"}],"about":[{"href":"https:\/\/almadinamisurata.ly\/fr\/wp-json\/wp\/v2\/types\/product"}],"wp:featuredmedia":[{"embeddable":true,"href":"https:\/\/almadinamisurata.ly\/fr\/wp-json\/wp\/v2\/media\/20368"}],"wp:attachment":[{"href":"https:\/\/almadinamisurata.ly\/fr\/wp-json\/wp\/v2\/media?parent=20091"}],"wp:term":[{"taxonomy":"product_brand","embeddable":true,"href":"https:\/\/almadinamisurata.ly\/fr\/wp-json\/wp\/v2\/product_brand?post=20091"},{"taxonomy":"product_cat","embeddable":true,"href":"https:\/\/almadinamisurata.ly\/fr\/wp-json\/wp\/v2\/product_cat?post=20091"},{"taxonomy":"product_tag","embeddable":true,"href":"https:\/\/almadinamisurata.ly\/fr\/wp-json\/wp\/v2\/product_tag?post=20091"},{"taxonomy":"designs","embeddable":true,"href":"https:\/\/almadinamisurata.ly\/fr\/wp-json\/wp\/v2\/designs?post=20091"}],"curies":[{"name":"wp","href":"https:\/\/api.w.org\/{rel}","templated":true}]}}