{"id":20189,"date":"2022-11-27T11:01:59","date_gmt":"2022-11-27T11:01:59","guid":{"rendered":"https:\/\/almadinamisurata.ly\/fr\/?post_type=product&#038;p=20189"},"modified":"2024-10-26T14:49:14","modified_gmt":"2024-10-26T14:49:14","slug":"classic-satine","status":"publish","type":"product","link":"https:\/\/almadinamisurata.ly\/fr\/product\/classic-satine\/","title":{"rendered":"Classic satin\u00e9"},"content":{"rendered":"<p>Peinture Acrylique brillant satin\u00e9 ext\u00e9rieur et int\u00e9rieur, Extra blancheur. Haut pouvoir couvrant, surfaces lisses et soyeuses, caoutchouc. Hautement lavable. R\u00e9sistant aux intemp\u00e9ries<\/p>\n","protected":false},"excerpt":{"rendered":"<p>Peinture Acrylique brillant satin\u00e9 ext\u00e9rieur et int\u00e9rieur, Extra blancheur. Haut pouvoir couvrant, surfaces lisses et soyeuses, caoutchouc. Hautement lavable. R\u00e9sistant aux intemp\u00e9ries<\/p>\n","protected":false},"featured_media":20207,"template":"","meta":{"_acf_changed":false},"product_brand":[],"product_cat":[3443],"product_tag":[],"designs":[3444,3450],"class_list":{"0":"post-20189","1":"product","2":"type-product","3":"status-publish","4":"has-post-thumbnail","6":"product_cat-peintures-a-base-deau","7":"designs-interieure","8":"designs-exterieure","10":"first","11":"outofstock","12":"shipping-taxable","13":"product-type-variable"},"acf":[],"_links":{"self":[{"href":"https:\/\/almadinamisurata.ly\/fr\/wp-json\/wp\/v2\/product\/20189","targetHints":{"allow":["GET"]}}],"collection":[{"href":"https:\/\/almadinamisurata.ly\/fr\/wp-json\/wp\/v2\/product"}],"about":[{"href":"https:\/\/almadinamisurata.ly\/fr\/wp-json\/wp\/v2\/types\/product"}],"wp:featuredmedia":[{"embeddable":true,"href":"https:\/\/almadinamisurata.ly\/fr\/wp-json\/wp\/v2\/media\/20207"}],"wp:attachment":[{"href":"https:\/\/almadinamisurata.ly\/fr\/wp-json\/wp\/v2\/media?parent=20189"}],"wp:term":[{"taxonomy":"product_brand","embeddable":true,"href":"https:\/\/almadinamisurata.ly\/fr\/wp-json\/wp\/v2\/product_brand?post=20189"},{"taxonomy":"product_cat","embeddable":true,"href":"https:\/\/almadinamisurata.ly\/fr\/wp-json\/wp\/v2\/product_cat?post=20189"},{"taxonomy":"product_tag","embeddable":true,"href":"https:\/\/almadinamisurata.ly\/fr\/wp-json\/wp\/v2\/product_tag?post=20189"},{"taxonomy":"designs","embeddable":true,"href":"https:\/\/almadinamisurata.ly\/fr\/wp-json\/wp\/v2\/designs?post=20189"}],"curies":[{"name":"wp","href":"https:\/\/api.w.org\/{rel}","templated":true}]}}