{"id":20203,"date":"2023-11-26T10:34:03","date_gmt":"2023-11-26T10:34:03","guid":{"rendered":"https:\/\/almadinamisurata.ly\/fr\/?post_type=product&#038;p=20203"},"modified":"2023-11-26T10:34:44","modified_gmt":"2023-11-26T10:34:44","slug":"shield-primer-blanc-transparent","status":"publish","type":"product","link":"https:\/\/almadinamisurata.ly\/fr\/product\/shield-primer-blanc-transparent\/","title":{"rendered":"Shield Primer (Blanc &#8211; Transparent)"},"content":{"rendered":"<p>La base isolante acrylique \u00e0 100% de haute qualit\u00e9 se distingue par sa grande rigidit\u00e9 et sa capacit\u00e9 \u00e0 p\u00e9n\u00e9trer la surface pour conf\u00e9rer \u00e0 la peinture une durabilit\u00e9 et une excellente adh\u00e9rence, renfor\u00e7ant la r\u00e9sistance des peintures ext\u00e9rieures aux intemp\u00e9ries.<\/p>\n<p>Le produit Shield Primer pr\u00e9sente plusieurs avantages :<\/p>\n<p>&#8211; P\u00e9n\u00e9tration exceptionnelle dans les pores de la surface.<br \/>\n&#8211; Grande adh\u00e9rence.<br \/>\n&#8211; Excellente r\u00e9sistance \u00e0 l&rsquo;humidit\u00e9 et aux diff\u00e9rentes conditions ext\u00e9rieures.<\/p>\n<p>Shield Primer blanc est utilis\u00e9 comme couche de base pour les surfaces ext\u00e9rieures telles que les murs en ciment, en b\u00e9ton et en pl\u00e2tre des fa\u00e7ades de maisons, d&rsquo;h\u00f4tels et d&rsquo;\u00e9tablissements divers.<\/p>\n<p>Shield Primer transparent est utilis\u00e9 comme couche protectrice finale pour les produits ext\u00e9rieurs (Shield de la ville de Misrata), lui conf\u00e9rant une apparence magnifique et renfor\u00e7ant sa r\u00e9sistance aux diverses conditions climatiques, tout en r\u00e9duisant l&rsquo;adh\u00e9rence de la poussi\u00e8re \u00e0 la surface.<\/p>\n","protected":false},"excerpt":{"rendered":"<p>La base isolante acrylique \u00e0 100% de haute qualit\u00e9 se distingue par sa grande rigidit\u00e9 et sa capacit\u00e9 \u00e0 p\u00e9n\u00e9trer la surface pour conf\u00e9rer \u00e0 la peinture une durabilit\u00e9 et une excellente adh\u00e9rence, renfor\u00e7ant la r\u00e9sistance des peintures ext\u00e9rieures aux intemp\u00e9ries. Le produit Shield Primer pr\u00e9sente plusieurs avantages : &#8211; P\u00e9n\u00e9tration exceptionnelle dans les pores [&hellip;]<\/p>\n","protected":false},"featured_media":20204,"template":"","meta":{"_acf_changed":false},"product_brand":[],"product_cat":[3449],"product_tag":[],"designs":[3450],"class_list":{"0":"post-20203","1":"product","2":"type-product","3":"status-publish","4":"has-post-thumbnail","6":"product_cat-peintures-exterieures","7":"designs-exterieure","9":"first","10":"instock","11":"shipping-taxable","12":"product-type-simple"},"acf":[],"_links":{"self":[{"href":"https:\/\/almadinamisurata.ly\/fr\/wp-json\/wp\/v2\/product\/20203","targetHints":{"allow":["GET"]}}],"collection":[{"href":"https:\/\/almadinamisurata.ly\/fr\/wp-json\/wp\/v2\/product"}],"about":[{"href":"https:\/\/almadinamisurata.ly\/fr\/wp-json\/wp\/v2\/types\/product"}],"wp:featuredmedia":[{"embeddable":true,"href":"https:\/\/almadinamisurata.ly\/fr\/wp-json\/wp\/v2\/media\/20204"}],"wp:attachment":[{"href":"https:\/\/almadinamisurata.ly\/fr\/wp-json\/wp\/v2\/media?parent=20203"}],"wp:term":[{"taxonomy":"product_brand","embeddable":true,"href":"https:\/\/almadinamisurata.ly\/fr\/wp-json\/wp\/v2\/product_brand?post=20203"},{"taxonomy":"product_cat","embeddable":true,"href":"https:\/\/almadinamisurata.ly\/fr\/wp-json\/wp\/v2\/product_cat?post=20203"},{"taxonomy":"product_tag","embeddable":true,"href":"https:\/\/almadinamisurata.ly\/fr\/wp-json\/wp\/v2\/product_tag?post=20203"},{"taxonomy":"designs","embeddable":true,"href":"https:\/\/almadinamisurata.ly\/fr\/wp-json\/wp\/v2\/designs?post=20203"}],"curies":[{"name":"wp","href":"https:\/\/api.w.org\/{rel}","templated":true}]}}