{"id":20205,"date":"2023-11-26T10:41:12","date_gmt":"2023-11-26T10:41:12","guid":{"rendered":"https:\/\/almadinamisurata.ly\/fr\/?post_type=product&#038;p=20205"},"modified":"2024-11-10T13:06:48","modified_gmt":"2024-11-10T13:06:48","slug":"flex-107","status":"publish","type":"product","link":"https:\/\/almadinamisurata.ly\/fr\/product\/flex-107\/","title":{"rendered":"Flex 107"},"content":{"rendered":"<p>Peinture en ciment \u00e9lastique compos\u00e9e de deux composants (poudre + liquide), l&rsquo;un d&rsquo;eux \u00e9tant un liquide \u00e0 base de latex de polyadiponitrile et de styr\u00e8ne et la poudre \u00e9tant \u00e0 base de ciment trait\u00e9. Il pr\u00e9sente une grande \u00e9lasticit\u00e9 pour la protection et l&rsquo;imperm\u00e9abilisation, peut \u00eatre m\u00e9lang\u00e9 sous forme de mortier avec une forte adh\u00e9rence, et est s\u00fbr pour l&rsquo;eau potable.<\/p>\n<p>Utilisations :<\/p>\n<p>&#8211; Peinture pour les fa\u00e7ades expos\u00e9es aux eaux de mer et aux pluies.<br \/>\n&#8211; Peinture pour les murs des piscines avant la pose de carreaux.<br \/>\n&#8211; Peinture pour les murs de cuisines et salles de bains avant la pose de carreaux.<br \/>\n&#8211; Peinture pour l&rsquo;int\u00e9rieur des r\u00e9servoirs d&rsquo;eau potable.<br \/>\n&#8211; Peinture pour l&rsquo;int\u00e9rieur et l&rsquo;ext\u00e9rieur des sous-sols pour emp\u00eacher l&rsquo;infiltration de l&rsquo;eau.<br \/>\n&#8211; Peinture pour les balcons expos\u00e9s aux eaux de mer et aux pluies.<\/p>\n<p>Il est \u00e9galement utilis\u00e9 dans les r\u00e9servoirs d&rsquo;assainissement, les sols des terrains de jeux, les all\u00e9es, les ponts et les passerelles.<\/p>\n","protected":false},"excerpt":{"rendered":"<p>Peinture en ciment \u00e9lastique compos\u00e9e de deux composants (poudre + liquide), l&rsquo;un d&rsquo;eux \u00e9tant un liquide \u00e0 base de latex de polyadiponitrile et de styr\u00e8ne et la poudre \u00e9tant \u00e0 base de ciment trait\u00e9. Il pr\u00e9sente une grande \u00e9lasticit\u00e9 pour la protection et l&rsquo;imperm\u00e9abilisation, peut \u00eatre m\u00e9lang\u00e9 sous forme de mortier avec une forte adh\u00e9rence, [&hellip;]<\/p>\n","protected":false},"featured_media":20206,"template":"","meta":{"_acf_changed":false},"product_brand":[],"product_cat":[17],"product_tag":[],"designs":[3444,3450],"class_list":{"0":"post-20205","1":"product","2":"type-product","3":"status-publish","4":"has-post-thumbnail","6":"product_cat-peintures-isolantes","7":"designs-interieure","8":"designs-exterieure","10":"first","11":"instock","12":"shipping-taxable","13":"product-type-simple"},"acf":[],"_links":{"self":[{"href":"https:\/\/almadinamisurata.ly\/fr\/wp-json\/wp\/v2\/product\/20205","targetHints":{"allow":["GET"]}}],"collection":[{"href":"https:\/\/almadinamisurata.ly\/fr\/wp-json\/wp\/v2\/product"}],"about":[{"href":"https:\/\/almadinamisurata.ly\/fr\/wp-json\/wp\/v2\/types\/product"}],"wp:featuredmedia":[{"embeddable":true,"href":"https:\/\/almadinamisurata.ly\/fr\/wp-json\/wp\/v2\/media\/20206"}],"wp:attachment":[{"href":"https:\/\/almadinamisurata.ly\/fr\/wp-json\/wp\/v2\/media?parent=20205"}],"wp:term":[{"taxonomy":"product_brand","embeddable":true,"href":"https:\/\/almadinamisurata.ly\/fr\/wp-json\/wp\/v2\/product_brand?post=20205"},{"taxonomy":"product_cat","embeddable":true,"href":"https:\/\/almadinamisurata.ly\/fr\/wp-json\/wp\/v2\/product_cat?post=20205"},{"taxonomy":"product_tag","embeddable":true,"href":"https:\/\/almadinamisurata.ly\/fr\/wp-json\/wp\/v2\/product_tag?post=20205"},{"taxonomy":"designs","embeddable":true,"href":"https:\/\/almadinamisurata.ly\/fr\/wp-json\/wp\/v2\/designs?post=20205"}],"curies":[{"name":"wp","href":"https:\/\/api.w.org\/{rel}","templated":true}]}}