{"id":20217,"date":"2023-11-26T13:32:54","date_gmt":"2023-11-26T13:32:54","guid":{"rendered":"https:\/\/almadinamisurata.ly\/fr\/?post_type=product&#038;p=20217"},"modified":"2024-10-26T14:05:14","modified_gmt":"2024-10-26T14:05:14","slug":"bitume-caoutchouteux","status":"publish","type":"product","link":"https:\/\/almadinamisurata.ly\/fr\/product\/bitume-caoutchouteux\/","title":{"rendered":"bitume caoutchouteux"},"content":{"rendered":"<p>Le nouveau bitume caoutchout\u00e9 (1&#215;2) est une peinture acrylique hautement r\u00e9sistante, formul\u00e9e avec une composition contenant de la mati\u00e8re bitumineuse assurant une isolation efficace contre l&rsquo;eau. Il se distingue par plusieurs avantages :<\/p>\n<p>1. R\u00e9sistance aux temp\u00e9ratures \u00e9lev\u00e9es et basses :gr\u00e2ce \u00e0 son \u00e9lasticit\u00e9 \u00e9lev\u00e9e.<br \/>\n2. R\u00e9sistance \u00e9lev\u00e9e \u00e0 l&rsquo;eau :gr\u00e2ce \u00e0 sa formulation unique d&rsquo;acrylique et de bitume.<br \/>\n3. R\u00e9sistance aux effets des conditions m\u00e9t\u00e9orologiques : tels que le soleil et la pluie.<br \/>\n4. Excellente adh\u00e9rence sur diverses surfaces.<\/p>\n<p>Il peut \u00eatre utilis\u00e9 dans une vari\u00e9t\u00e9 d&rsquo;applications :<\/p>\n<p>1. Toitures de maisons.<br \/>\n2. Fondations de b\u00e2timents.<br \/>\n3. Isolation sous les carreaux de c\u00e9ramique dans les salles de bains.<br \/>\n4. Isolation des toits des hangars en m\u00e9tal.<br \/>\n5. Isolation des chalets en bois.<\/p>\n","protected":false},"excerpt":{"rendered":"<p>Le nouveau bitume caoutchout\u00e9 (1&#215;2) est une peinture acrylique hautement r\u00e9sistante, formul\u00e9e avec une composition contenant de la mati\u00e8re bitumineuse assurant une isolation efficace contre l&rsquo;eau. Il se distingue par plusieurs avantages : 1. R\u00e9sistance aux temp\u00e9ratures \u00e9lev\u00e9es et basses :gr\u00e2ce \u00e0 son \u00e9lasticit\u00e9 \u00e9lev\u00e9e. 2. R\u00e9sistance \u00e9lev\u00e9e \u00e0 l&rsquo;eau :gr\u00e2ce \u00e0 sa formulation unique [&hellip;]<\/p>\n","protected":false},"featured_media":20240,"template":"","meta":{"_acf_changed":false},"product_brand":[],"product_cat":[17],"product_tag":[],"designs":[3450],"class_list":{"0":"post-20217","1":"product","2":"type-product","3":"status-publish","4":"has-post-thumbnail","6":"product_cat-peintures-isolantes","7":"designs-exterieure","9":"first","10":"instock","11":"shipping-taxable","12":"product-type-simple"},"acf":[],"_links":{"self":[{"href":"https:\/\/almadinamisurata.ly\/fr\/wp-json\/wp\/v2\/product\/20217","targetHints":{"allow":["GET"]}}],"collection":[{"href":"https:\/\/almadinamisurata.ly\/fr\/wp-json\/wp\/v2\/product"}],"about":[{"href":"https:\/\/almadinamisurata.ly\/fr\/wp-json\/wp\/v2\/types\/product"}],"wp:featuredmedia":[{"embeddable":true,"href":"https:\/\/almadinamisurata.ly\/fr\/wp-json\/wp\/v2\/media\/20240"}],"wp:attachment":[{"href":"https:\/\/almadinamisurata.ly\/fr\/wp-json\/wp\/v2\/media?parent=20217"}],"wp:term":[{"taxonomy":"product_brand","embeddable":true,"href":"https:\/\/almadinamisurata.ly\/fr\/wp-json\/wp\/v2\/product_brand?post=20217"},{"taxonomy":"product_cat","embeddable":true,"href":"https:\/\/almadinamisurata.ly\/fr\/wp-json\/wp\/v2\/product_cat?post=20217"},{"taxonomy":"product_tag","embeddable":true,"href":"https:\/\/almadinamisurata.ly\/fr\/wp-json\/wp\/v2\/product_tag?post=20217"},{"taxonomy":"designs","embeddable":true,"href":"https:\/\/almadinamisurata.ly\/fr\/wp-json\/wp\/v2\/designs?post=20217"}],"curies":[{"name":"wp","href":"https:\/\/api.w.org\/{rel}","templated":true}]}}