{"id":20221,"date":"2023-11-26T13:44:32","date_gmt":"2023-11-26T13:44:32","guid":{"rendered":"https:\/\/almadinamisurata.ly\/fr\/?post_type=product&#038;p=20221"},"modified":"2025-02-04T10:44:07","modified_gmt":"2025-02-04T10:44:07","slug":"isolant-ignifuge-transparent","status":"publish","type":"product","link":"https:\/\/almadinamisurata.ly\/fr\/product\/isolant-ignifuge-transparent\/","title":{"rendered":"Isolant ignifuge transparent"},"content":{"rendered":"<p>Un appr\u00eat acrylique de qualit\u00e9 sup\u00e9rieure, con\u00e7u pour la pr\u00e9paration des murs ext\u00e9rieurs avant peinture. Il poss\u00e8de des propri\u00e9t\u00e9s de p\u00e9n\u00e9tration exceptionnelles qui permettent de traiter les d\u00e9fauts de surface tels que l&rsquo;efflorescence, la calcination, etc.Il offre \u00e9galement une r\u00e9sistance \u00e9lev\u00e9e aux alcalis et assure une excellente adh\u00e9rence aux couches finales de peinture.Convient \u00e0 la pr\u00e9paration des murs int\u00e9rieurs et ext\u00e9rieurs de divers b\u00e2timents tels que les \u00e9coles, les institutions gouvernementales, les h\u00f4pitaux, les h\u00f4tels, les salons d\u2019a\u00e9roport, etc.<\/p>\n<p><strong>Avantages :<\/strong>Excellente p\u00e9n\u00e9tration Haute r\u00e9sistance aux alcalis Adh\u00e9rence exceptionnelle<\/p>\n","protected":false},"excerpt":{"rendered":"<p>Un appr\u00eat acrylique de qualit\u00e9 sup\u00e9rieure, con\u00e7u pour la pr\u00e9paration des murs ext\u00e9rieurs avant peinture. Il poss\u00e8de des propri\u00e9t\u00e9s de p\u00e9n\u00e9tration exceptionnelles qui permettent de traiter les d\u00e9fauts de surface tels que l&rsquo;efflorescence, la calcination, etc.Il offre \u00e9galement une r\u00e9sistance \u00e9lev\u00e9e aux alcalis et assure une excellente adh\u00e9rence aux couches finales de peinture.Convient \u00e0 la [&hellip;]<\/p>\n","protected":false},"featured_media":20222,"template":"","meta":{"_acf_changed":false},"product_brand":[],"product_cat":[17],"product_tag":[],"designs":[3450],"class_list":{"0":"post-20221","1":"product","2":"type-product","3":"status-publish","4":"has-post-thumbnail","6":"product_cat-peintures-isolantes","7":"designs-exterieure","9":"first","10":"instock","11":"shipping-taxable","12":"product-type-simple"},"acf":[],"_links":{"self":[{"href":"https:\/\/almadinamisurata.ly\/fr\/wp-json\/wp\/v2\/product\/20221","targetHints":{"allow":["GET"]}}],"collection":[{"href":"https:\/\/almadinamisurata.ly\/fr\/wp-json\/wp\/v2\/product"}],"about":[{"href":"https:\/\/almadinamisurata.ly\/fr\/wp-json\/wp\/v2\/types\/product"}],"wp:featuredmedia":[{"embeddable":true,"href":"https:\/\/almadinamisurata.ly\/fr\/wp-json\/wp\/v2\/media\/20222"}],"wp:attachment":[{"href":"https:\/\/almadinamisurata.ly\/fr\/wp-json\/wp\/v2\/media?parent=20221"}],"wp:term":[{"taxonomy":"product_brand","embeddable":true,"href":"https:\/\/almadinamisurata.ly\/fr\/wp-json\/wp\/v2\/product_brand?post=20221"},{"taxonomy":"product_cat","embeddable":true,"href":"https:\/\/almadinamisurata.ly\/fr\/wp-json\/wp\/v2\/product_cat?post=20221"},{"taxonomy":"product_tag","embeddable":true,"href":"https:\/\/almadinamisurata.ly\/fr\/wp-json\/wp\/v2\/product_tag?post=20221"},{"taxonomy":"designs","embeddable":true,"href":"https:\/\/almadinamisurata.ly\/fr\/wp-json\/wp\/v2\/designs?post=20221"}],"curies":[{"name":"wp","href":"https:\/\/api.w.org\/{rel}","templated":true}]}}