{"id":20225,"date":"2023-11-26T14:01:29","date_gmt":"2023-11-26T14:01:29","guid":{"rendered":"https:\/\/almadinamisurata.ly\/fr\/?post_type=product&#038;p=20225"},"modified":"2024-10-26T14:04:32","modified_gmt":"2024-10-26T14:04:32","slug":"isolant-de-surfaces","status":"publish","type":"product","link":"https:\/\/almadinamisurata.ly\/fr\/product\/isolant-de-surfaces\/","title":{"rendered":"Isolant de surfaces"},"content":{"rendered":"<p>Peinture en caoutchouc acrylique de haute qualit\u00e9, isolante, r\u00e9sistante aux intemp\u00e9ries, fabriqu\u00e9e \u00e0 partir des meilleures mati\u00e8res premi\u00e8res mondiales. Utilis\u00e9e pour la finition des plafonds, les r\u00e9servoirs d&rsquo;eau souterrains et a\u00e9riens, les salles de bains, les fondations des h\u00f4pitaux contre l&rsquo;humidit\u00e9 et l&rsquo;eau. R\u00e9siste \u00e0 la croissance des bact\u00e9ries et des champignons tout en permettant l&rsquo;isolation des laboratoires, des pharmacies, des entreprises pharmaceutiques, des entreprises alimentaires et des entreprises d&rsquo;eau min\u00e9rale. Un produit respectueux de l&rsquo;environnement et exempt de substances organiques volatiles.<\/p>\n","protected":false},"excerpt":{"rendered":"<p>Peinture en caoutchouc acrylique de haute qualit\u00e9, isolante, r\u00e9sistante aux intemp\u00e9ries, fabriqu\u00e9e \u00e0 partir des meilleures mati\u00e8res premi\u00e8res mondiales. Utilis\u00e9e pour la finition des plafonds, les r\u00e9servoirs d&rsquo;eau souterrains et a\u00e9riens, les salles de bains, les fondations des h\u00f4pitaux contre l&rsquo;humidit\u00e9 et l&rsquo;eau. R\u00e9siste \u00e0 la croissance des bact\u00e9ries et des champignons tout en permettant [&hellip;]<\/p>\n","protected":false},"featured_media":20226,"template":"","meta":{"_acf_changed":false},"product_brand":[],"product_cat":[17],"product_tag":[],"designs":[3450],"class_list":{"0":"post-20225","1":"product","2":"type-product","3":"status-publish","4":"has-post-thumbnail","6":"product_cat-peintures-isolantes","7":"designs-exterieure","9":"first","10":"instock","11":"shipping-taxable","12":"product-type-simple"},"acf":[],"_links":{"self":[{"href":"https:\/\/almadinamisurata.ly\/fr\/wp-json\/wp\/v2\/product\/20225","targetHints":{"allow":["GET"]}}],"collection":[{"href":"https:\/\/almadinamisurata.ly\/fr\/wp-json\/wp\/v2\/product"}],"about":[{"href":"https:\/\/almadinamisurata.ly\/fr\/wp-json\/wp\/v2\/types\/product"}],"wp:featuredmedia":[{"embeddable":true,"href":"https:\/\/almadinamisurata.ly\/fr\/wp-json\/wp\/v2\/media\/20226"}],"wp:attachment":[{"href":"https:\/\/almadinamisurata.ly\/fr\/wp-json\/wp\/v2\/media?parent=20225"}],"wp:term":[{"taxonomy":"product_brand","embeddable":true,"href":"https:\/\/almadinamisurata.ly\/fr\/wp-json\/wp\/v2\/product_brand?post=20225"},{"taxonomy":"product_cat","embeddable":true,"href":"https:\/\/almadinamisurata.ly\/fr\/wp-json\/wp\/v2\/product_cat?post=20225"},{"taxonomy":"product_tag","embeddable":true,"href":"https:\/\/almadinamisurata.ly\/fr\/wp-json\/wp\/v2\/product_tag?post=20225"},{"taxonomy":"designs","embeddable":true,"href":"https:\/\/almadinamisurata.ly\/fr\/wp-json\/wp\/v2\/designs?post=20225"}],"curies":[{"name":"wp","href":"https:\/\/api.w.org\/{rel}","templated":true}]}}