{"id":20228,"date":"2023-11-26T14:11:01","date_gmt":"2023-11-26T14:11:01","guid":{"rendered":"https:\/\/almadinamisurata.ly\/fr\/?post_type=product&#038;p=20228"},"modified":"2024-10-26T14:04:13","modified_gmt":"2024-10-26T14:04:13","slug":"bitume-deau","status":"publish","type":"product","link":"https:\/\/almadinamisurata.ly\/fr\/product\/bitume-deau\/","title":{"rendered":"Bitume d&rsquo;eau"},"content":{"rendered":"<p>Bitume d&rsquo;eau de haute qualit\u00e9 \u00ab\u00a0froid\u00a0\u00bb, r\u00e9sistant \u00e0 toutes les conditions m\u00e9t\u00e9orologiques, fabriqu\u00e9 \u00e0 partir des meilleurs mat\u00e9riaux mondiaux. Il est utilis\u00e9 pour isoler les surfaces des b\u00e2timents, imperm\u00e9abiliser les salles de bains et isoler les surfaces en b\u00e9ton expos\u00e9es \u00e0 la pression de l&rsquo;eau souterraine, ainsi que pour l&rsquo;isolation externe des sous-sols, des r\u00e9servoirs d&rsquo;eau souterrains et sur\u00e9lev\u00e9s. De plus, il sert d&rsquo;adh\u00e9sif pour les panneaux de contreplaqu\u00e9 et la mousse isolante thermique. Il est \u00e9galement utilis\u00e9 comme couche primaire sous les rouleaux de bitume pr\u00eats \u00e0 l&#8217;emploi.<\/p>\n","protected":false},"excerpt":{"rendered":"<p>Bitume d&rsquo;eau de haute qualit\u00e9 \u00ab\u00a0froid\u00a0\u00bb, r\u00e9sistant \u00e0 toutes les conditions m\u00e9t\u00e9orologiques, fabriqu\u00e9 \u00e0 partir des meilleurs mat\u00e9riaux mondiaux. Il est utilis\u00e9 pour isoler les surfaces des b\u00e2timents, imperm\u00e9abiliser les salles de bains et isoler les surfaces en b\u00e9ton expos\u00e9es \u00e0 la pression de l&rsquo;eau souterraine, ainsi que pour l&rsquo;isolation externe des sous-sols, des r\u00e9servoirs [&hellip;]<\/p>\n","protected":false},"featured_media":20229,"template":"","meta":{"_acf_changed":false},"product_brand":[],"product_cat":[17],"product_tag":[],"designs":[],"class_list":{"0":"post-20228","1":"product","2":"type-product","3":"status-publish","4":"has-post-thumbnail","6":"product_cat-peintures-isolantes","8":"first","9":"instock","10":"shipping-taxable","11":"product-type-simple"},"acf":[],"_links":{"self":[{"href":"https:\/\/almadinamisurata.ly\/fr\/wp-json\/wp\/v2\/product\/20228","targetHints":{"allow":["GET"]}}],"collection":[{"href":"https:\/\/almadinamisurata.ly\/fr\/wp-json\/wp\/v2\/product"}],"about":[{"href":"https:\/\/almadinamisurata.ly\/fr\/wp-json\/wp\/v2\/types\/product"}],"wp:featuredmedia":[{"embeddable":true,"href":"https:\/\/almadinamisurata.ly\/fr\/wp-json\/wp\/v2\/media\/20229"}],"wp:attachment":[{"href":"https:\/\/almadinamisurata.ly\/fr\/wp-json\/wp\/v2\/media?parent=20228"}],"wp:term":[{"taxonomy":"product_brand","embeddable":true,"href":"https:\/\/almadinamisurata.ly\/fr\/wp-json\/wp\/v2\/product_brand?post=20228"},{"taxonomy":"product_cat","embeddable":true,"href":"https:\/\/almadinamisurata.ly\/fr\/wp-json\/wp\/v2\/product_cat?post=20228"},{"taxonomy":"product_tag","embeddable":true,"href":"https:\/\/almadinamisurata.ly\/fr\/wp-json\/wp\/v2\/product_tag?post=20228"},{"taxonomy":"designs","embeddable":true,"href":"https:\/\/almadinamisurata.ly\/fr\/wp-json\/wp\/v2\/designs?post=20228"}],"curies":[{"name":"wp","href":"https:\/\/api.w.org\/{rel}","templated":true}]}}