{"id":20231,"date":"2023-11-26T14:40:31","date_gmt":"2023-11-26T14:40:31","guid":{"rendered":"https:\/\/almadinamisurata.ly\/fr\/?post_type=product&#038;p=20231"},"modified":"2024-10-26T14:03:50","modified_gmt":"2024-10-26T14:03:50","slug":"isolant-en-ciment-flexible-en-caoutchouc","status":"publish","type":"product","link":"https:\/\/almadinamisurata.ly\/fr\/product\/isolant-en-ciment-flexible-en-caoutchouc\/","title":{"rendered":"Isolant en ciment flexible en caoutchouc"},"content":{"rendered":"<p>Peinture cimentaire \u00e9lastom\u00e8re, compos\u00e9e de deux compos\u00e9s imperm\u00e9abilisants pour les surfaces en ciment. Elle est utilis\u00e9e pour imperm\u00e9abiliser toutes les surfaces en b\u00e9ton afin de pr\u00e9venir la perm\u00e9abilit\u00e9 de l&rsquo;eau, isoler les surfaces d&rsquo;entrep\u00f4ts en fer, isoler les surfaces de piscines avant la pose de carreaux, les surfaces des b\u00e2timents, les fondations des b\u00e2timents, les fa\u00e7ades expos\u00e9es \u00e0 la pluie, et les r\u00e9servoirs d&rsquo;eau potable \u00e0 la fois de l&rsquo;int\u00e9rieur et de l&rsquo;ext\u00e9rieur. De plus, elle est utilis\u00e9e pour remplir les fissures de surface en b\u00e9ton.<\/p>\n","protected":false},"excerpt":{"rendered":"<p>Peinture cimentaire \u00e9lastom\u00e8re, compos\u00e9e de deux compos\u00e9s imperm\u00e9abilisants pour les surfaces en ciment. Elle est utilis\u00e9e pour imperm\u00e9abiliser toutes les surfaces en b\u00e9ton afin de pr\u00e9venir la perm\u00e9abilit\u00e9 de l&rsquo;eau, isoler les surfaces d&rsquo;entrep\u00f4ts en fer, isoler les surfaces de piscines avant la pose de carreaux, les surfaces des b\u00e2timents, les fondations des b\u00e2timents, les [&hellip;]<\/p>\n","protected":false},"featured_media":20232,"template":"","meta":{"_acf_changed":false},"product_brand":[],"product_cat":[17],"product_tag":[],"designs":[3450],"class_list":{"0":"post-20231","1":"product","2":"type-product","3":"status-publish","4":"has-post-thumbnail","6":"product_cat-peintures-isolantes","7":"designs-exterieure","9":"first","10":"instock","11":"shipping-taxable","12":"product-type-simple"},"acf":[],"_links":{"self":[{"href":"https:\/\/almadinamisurata.ly\/fr\/wp-json\/wp\/v2\/product\/20231","targetHints":{"allow":["GET"]}}],"collection":[{"href":"https:\/\/almadinamisurata.ly\/fr\/wp-json\/wp\/v2\/product"}],"about":[{"href":"https:\/\/almadinamisurata.ly\/fr\/wp-json\/wp\/v2\/types\/product"}],"wp:featuredmedia":[{"embeddable":true,"href":"https:\/\/almadinamisurata.ly\/fr\/wp-json\/wp\/v2\/media\/20232"}],"wp:attachment":[{"href":"https:\/\/almadinamisurata.ly\/fr\/wp-json\/wp\/v2\/media?parent=20231"}],"wp:term":[{"taxonomy":"product_brand","embeddable":true,"href":"https:\/\/almadinamisurata.ly\/fr\/wp-json\/wp\/v2\/product_brand?post=20231"},{"taxonomy":"product_cat","embeddable":true,"href":"https:\/\/almadinamisurata.ly\/fr\/wp-json\/wp\/v2\/product_cat?post=20231"},{"taxonomy":"product_tag","embeddable":true,"href":"https:\/\/almadinamisurata.ly\/fr\/wp-json\/wp\/v2\/product_tag?post=20231"},{"taxonomy":"designs","embeddable":true,"href":"https:\/\/almadinamisurata.ly\/fr\/wp-json\/wp\/v2\/designs?post=20231"}],"curies":[{"name":"wp","href":"https:\/\/api.w.org\/{rel}","templated":true}]}}