{"id":20235,"date":"2023-11-26T14:50:21","date_gmt":"2023-11-26T14:50:21","guid":{"rendered":"https:\/\/almadinamisurata.ly\/fr\/?post_type=product&#038;p=20235"},"modified":"2024-10-26T14:03:20","modified_gmt":"2024-10-26T14:03:20","slug":"bitume-huileux","status":"publish","type":"product","link":"https:\/\/almadinamisurata.ly\/fr\/product\/bitume-huileux\/","title":{"rendered":"Bitume huileux"},"content":{"rendered":"<p>\u00ab\u00a0Bitume huileux \u00e0 froid\u00a0\u00bb, excellent de tr\u00e8s haute qualit\u00e9, int\u00e9rieur et ext\u00e9rieur, r\u00e9sistant \u00e0 toutes les conditions m\u00e9t\u00e9orologiques. Fabriqu\u00e9 \u00e0 partir des meilleurs mat\u00e9riaux mondiaux, il est utilis\u00e9 pour l&rsquo;isolation des toits finaux, des r\u00e9servoirs d&rsquo;eau souterrains et sup\u00e9rieurs \u00ab\u00a0de l&rsquo;ext\u00e9rieur\u00a0\u00bb, des salles de bains, des fondations, des surfaces en b\u00e9ton expos\u00e9es \u00e0 une pression d&rsquo;eau souterraine nocive, des sous-sols (contre l&rsquo;humidit\u00e9 et l&rsquo;eau). Il est \u00e9galement utilis\u00e9 pour les planchers de r\u00e9frig\u00e9rateurs et de voitures comme agent anti-rouille, et comme adh\u00e9sif pour les plaques de li\u00e8ge et les panneaux en mousse isolante thermique. Il sert de protection pour les surfaces en bois contre l&rsquo;humidit\u00e9 et l&rsquo;eau.<\/p>\n","protected":false},"excerpt":{"rendered":"<p>\u00ab\u00a0Bitume huileux \u00e0 froid\u00a0\u00bb, excellent de tr\u00e8s haute qualit\u00e9, int\u00e9rieur et ext\u00e9rieur, r\u00e9sistant \u00e0 toutes les conditions m\u00e9t\u00e9orologiques. Fabriqu\u00e9 \u00e0 partir des meilleurs mat\u00e9riaux mondiaux, il est utilis\u00e9 pour l&rsquo;isolation des toits finaux, des r\u00e9servoirs d&rsquo;eau souterrains et sup\u00e9rieurs \u00ab\u00a0de l&rsquo;ext\u00e9rieur\u00a0\u00bb, des salles de bains, des fondations, des surfaces en b\u00e9ton expos\u00e9es \u00e0 une pression [&hellip;]<\/p>\n","protected":false},"featured_media":20236,"template":"","meta":{"_acf_changed":false},"product_brand":[],"product_cat":[17],"product_tag":[],"designs":[3450],"class_list":{"0":"post-20235","1":"product","2":"type-product","3":"status-publish","4":"has-post-thumbnail","6":"product_cat-peintures-isolantes","7":"designs-exterieure","9":"first","10":"instock","11":"shipping-taxable","12":"product-type-simple"},"acf":[],"_links":{"self":[{"href":"https:\/\/almadinamisurata.ly\/fr\/wp-json\/wp\/v2\/product\/20235","targetHints":{"allow":["GET"]}}],"collection":[{"href":"https:\/\/almadinamisurata.ly\/fr\/wp-json\/wp\/v2\/product"}],"about":[{"href":"https:\/\/almadinamisurata.ly\/fr\/wp-json\/wp\/v2\/types\/product"}],"wp:featuredmedia":[{"embeddable":true,"href":"https:\/\/almadinamisurata.ly\/fr\/wp-json\/wp\/v2\/media\/20236"}],"wp:attachment":[{"href":"https:\/\/almadinamisurata.ly\/fr\/wp-json\/wp\/v2\/media?parent=20235"}],"wp:term":[{"taxonomy":"product_brand","embeddable":true,"href":"https:\/\/almadinamisurata.ly\/fr\/wp-json\/wp\/v2\/product_brand?post=20235"},{"taxonomy":"product_cat","embeddable":true,"href":"https:\/\/almadinamisurata.ly\/fr\/wp-json\/wp\/v2\/product_cat?post=20235"},{"taxonomy":"product_tag","embeddable":true,"href":"https:\/\/almadinamisurata.ly\/fr\/wp-json\/wp\/v2\/product_tag?post=20235"},{"taxonomy":"designs","embeddable":true,"href":"https:\/\/almadinamisurata.ly\/fr\/wp-json\/wp\/v2\/designs?post=20235"}],"curies":[{"name":"wp","href":"https:\/\/api.w.org\/{rel}","templated":true}]}}