{"id":20238,"date":"2023-11-27T07:36:26","date_gmt":"2023-11-27T07:36:26","guid":{"rendered":"https:\/\/almadinamisurata.ly\/fr\/?post_type=product&#038;p=20238"},"modified":"2023-11-27T07:39:02","modified_gmt":"2023-11-27T07:39:02","slug":"alzawaq-isolant","status":"publish","type":"product","link":"https:\/\/almadinamisurata.ly\/fr\/product\/alzawaq-isolant\/","title":{"rendered":"ALzawaq isolant"},"content":{"rendered":"<p>Peinture acrylique isolante de haute qualit\u00e9, utilis\u00e9e \u00e0 l&rsquo;int\u00e9rieur et \u00e0 l&rsquo;ext\u00e9rieur, con\u00e7ue pour isoler les surfaces en b\u00e9ton, en ciment et en pl\u00e2tre, emp\u00eachant la p\u00e9n\u00e9tration de l&rsquo;eau. Elle offre une grande \u00e9lasticit\u00e9, comble les fissures, adh\u00e8re fortement, r\u00e9siste efficacement \u00e0 l&rsquo;humidit\u00e9 et est fabriqu\u00e9e \u00e0 partir de mati\u00e8res premi\u00e8res capables de supporter les conditions m\u00e9t\u00e9orologiques difficiles.<\/p>\n","protected":false},"excerpt":{"rendered":"<p>Peinture acrylique isolante de haute qualit\u00e9, utilis\u00e9e \u00e0 l&rsquo;int\u00e9rieur et \u00e0 l&rsquo;ext\u00e9rieur, con\u00e7ue pour isoler les surfaces en b\u00e9ton, en ciment et en pl\u00e2tre, emp\u00eachant la p\u00e9n\u00e9tration de l&rsquo;eau. Elle offre une grande \u00e9lasticit\u00e9, comble les fissures, adh\u00e8re fortement, r\u00e9siste efficacement \u00e0 l&rsquo;humidit\u00e9 et est fabriqu\u00e9e \u00e0 partir de mati\u00e8res premi\u00e8res capables de supporter les [&hellip;]<\/p>\n","protected":false},"featured_media":20239,"template":"","meta":{"_acf_changed":false},"product_brand":[],"product_cat":[17],"product_tag":[],"designs":[],"class_list":{"0":"post-20238","1":"product","2":"type-product","3":"status-publish","4":"has-post-thumbnail","6":"product_cat-peintures-isolantes","8":"first","9":"instock","10":"shipping-taxable","11":"product-type-simple"},"acf":[],"_links":{"self":[{"href":"https:\/\/almadinamisurata.ly\/fr\/wp-json\/wp\/v2\/product\/20238","targetHints":{"allow":["GET"]}}],"collection":[{"href":"https:\/\/almadinamisurata.ly\/fr\/wp-json\/wp\/v2\/product"}],"about":[{"href":"https:\/\/almadinamisurata.ly\/fr\/wp-json\/wp\/v2\/types\/product"}],"wp:featuredmedia":[{"embeddable":true,"href":"https:\/\/almadinamisurata.ly\/fr\/wp-json\/wp\/v2\/media\/20239"}],"wp:attachment":[{"href":"https:\/\/almadinamisurata.ly\/fr\/wp-json\/wp\/v2\/media?parent=20238"}],"wp:term":[{"taxonomy":"product_brand","embeddable":true,"href":"https:\/\/almadinamisurata.ly\/fr\/wp-json\/wp\/v2\/product_brand?post=20238"},{"taxonomy":"product_cat","embeddable":true,"href":"https:\/\/almadinamisurata.ly\/fr\/wp-json\/wp\/v2\/product_cat?post=20238"},{"taxonomy":"product_tag","embeddable":true,"href":"https:\/\/almadinamisurata.ly\/fr\/wp-json\/wp\/v2\/product_tag?post=20238"},{"taxonomy":"designs","embeddable":true,"href":"https:\/\/almadinamisurata.ly\/fr\/wp-json\/wp\/v2\/designs?post=20238"}],"curies":[{"name":"wp","href":"https:\/\/api.w.org\/{rel}","templated":true}]}}