{"id":20247,"date":"2023-12-25T12:13:08","date_gmt":"2023-12-25T12:13:08","guid":{"rendered":"https:\/\/almadinamisurata.ly\/fr\/?post_type=product&#038;p=20247"},"modified":"2023-12-25T12:19:11","modified_gmt":"2023-12-25T12:19:11","slug":"dry-stucco-est-une-pate-a-ciment-de-qualite-superieure","status":"publish","type":"product","link":"https:\/\/almadinamisurata.ly\/fr\/product\/dry-stucco-est-une-pate-a-ciment-de-qualite-superieure\/","title":{"rendered":"Dry Stucco"},"content":{"rendered":"<p>P\u00e2te \u00e0 ciment de haute qualit\u00e9 &#8211; Dry Stucco est une p\u00e2te \u00e0 ciment distingu\u00e9e par sa qualit\u00e9 sup\u00e9rieure et contenant des additifs sp\u00e9ciaux lui conf\u00e9rant une r\u00e9sistance \u00e9lev\u00e9e \u00e0 l&rsquo;eau et aux diverses conditions m\u00e9t\u00e9orologiques. Ce produit est sp\u00e9cialement con\u00e7u pour lisser les surfaces en ciment et est \u00e9galement destin\u00e9 \u00e0 \u00eatre utilis\u00e9 dans la pr\u00e9paration des murs avant l&rsquo;application de peintures \u00e9poxy et sous les rev\u00eatements des piscines.<\/p>\n<p>Caract\u00e9ristiques :<\/p>\n<p>&#8211; Excellente capacit\u00e9 \u00e0 remplir les fissures du pl\u00e2tre et \u00e0 corriger ses d\u00e9fauts : contribue \u00e0 obtenir une surface uniforme et une finition de haute qualit\u00e9.<br \/>\n&#8211; Excellente adh\u00e9rence sur toutes les surfaces en b\u00e9ton : assure une adh\u00e9rence forte et durable.<br \/>\n&#8211; Facile \u00e0 appliquer et facile \u00e0 poncer : offre une application pratique et une correction des d\u00e9fauts.<br \/>\n&#8211; R\u00e9sistance \u00e9lev\u00e9e \u00e0 l&rsquo;humidit\u00e9.<br \/>\n&#8211; Grande durabilit\u00e9 avec les couches de finition : garantit la continuit\u00e9 et la beaut\u00e9 de la finition.<br \/>\n&#8211; Possibilit\u00e9 de m\u00e9langer avec le produit de peinture latex SBR : renforce la r\u00e9sistance exceptionnelle aux facteurs externes tels que la pluie, l&rsquo;humidit\u00e9 et les rayons ultraviolets.<br \/>\n&#8211; Disponible en blanc et en gris fonc\u00e9 : permet \u00e0 l&rsquo;utilisateur de choisir la couleur qui convient \u00e0 ses besoins.<\/p>\n<p>En utilisant ce produit, il est possible d&rsquo;obtenir une pr\u00e9paration et un lissage efficaces des murs avant l&rsquo;application des peintures ext\u00e9rieures, garantissant une r\u00e9sistance maximale \u00e0 l&rsquo;eau et aux conditions m\u00e9t\u00e9orologiques.<\/p>\n","protected":false},"excerpt":{"rendered":"<p>P\u00e2te \u00e0 ciment de haute qualit\u00e9 &#8211; Dry Stucco est une p\u00e2te \u00e0 ciment distingu\u00e9e par sa qualit\u00e9 sup\u00e9rieure et contenant des additifs sp\u00e9ciaux lui conf\u00e9rant une r\u00e9sistance \u00e9lev\u00e9e \u00e0 l&rsquo;eau et aux diverses conditions m\u00e9t\u00e9orologiques. Ce produit est sp\u00e9cialement con\u00e7u pour lisser les surfaces en ciment et est \u00e9galement destin\u00e9 \u00e0 \u00eatre utilis\u00e9 dans [&hellip;]<\/p>\n","protected":false},"featured_media":20248,"template":"","meta":{"_acf_changed":false},"product_brand":[],"product_cat":[3464],"product_tag":[],"designs":[],"class_list":{"0":"post-20247","1":"product","2":"type-product","3":"status-publish","4":"has-post-thumbnail","6":"product_cat-materiaux-de-construction","8":"first","9":"instock","10":"shipping-taxable","11":"product-type-simple"},"acf":[],"_links":{"self":[{"href":"https:\/\/almadinamisurata.ly\/fr\/wp-json\/wp\/v2\/product\/20247","targetHints":{"allow":["GET"]}}],"collection":[{"href":"https:\/\/almadinamisurata.ly\/fr\/wp-json\/wp\/v2\/product"}],"about":[{"href":"https:\/\/almadinamisurata.ly\/fr\/wp-json\/wp\/v2\/types\/product"}],"wp:featuredmedia":[{"embeddable":true,"href":"https:\/\/almadinamisurata.ly\/fr\/wp-json\/wp\/v2\/media\/20248"}],"wp:attachment":[{"href":"https:\/\/almadinamisurata.ly\/fr\/wp-json\/wp\/v2\/media?parent=20247"}],"wp:term":[{"taxonomy":"product_brand","embeddable":true,"href":"https:\/\/almadinamisurata.ly\/fr\/wp-json\/wp\/v2\/product_brand?post=20247"},{"taxonomy":"product_cat","embeddable":true,"href":"https:\/\/almadinamisurata.ly\/fr\/wp-json\/wp\/v2\/product_cat?post=20247"},{"taxonomy":"product_tag","embeddable":true,"href":"https:\/\/almadinamisurata.ly\/fr\/wp-json\/wp\/v2\/product_tag?post=20247"},{"taxonomy":"designs","embeddable":true,"href":"https:\/\/almadinamisurata.ly\/fr\/wp-json\/wp\/v2\/designs?post=20247"}],"curies":[{"name":"wp","href":"https:\/\/api.w.org\/{rel}","templated":true}]}}