{"id":20261,"date":"2024-02-04T09:20:05","date_gmt":"2024-02-04T09:20:05","guid":{"rendered":"https:\/\/almadinamisurata.ly\/fr\/?post_type=product&#038;p=20261"},"modified":"2024-02-04T09:20:05","modified_gmt":"2024-02-04T09:20:05","slug":"metallic-ayar","status":"publish","type":"product","link":"https:\/\/almadinamisurata.ly\/fr\/product\/metallic-ayar\/","title":{"rendered":"Metallic Ayar"},"content":{"rendered":"<p>\u00ab\u00a0Metallic Ayar\u00a0\u00bb d&rsquo;Almadina Misrata Paints : Une Cr\u00e9ativit\u00e9 \u00c9clatante dans le Monde de la D\u00e9coration<\/p>\n<p>Les peintures de la ville de Misrata pr\u00e9sentent leur produit \u00ab\u00a0Metallic Ayar\u00a0\u00bb, repr\u00e9sentant une nouvelle \u00e9tape dans le monde de la d\u00e9coration et de l&rsquo;art.<\/p>\n<p>Il s&rsquo;agit d&rsquo;une peinture d\u00e9corative \u00e0 base d&rsquo;eau qui refl\u00e8te l&rsquo;engagement de l&rsquo;entreprise \u00e0 fournir des produits de haute qualit\u00e9 pour r\u00e9pondre aux besoins diversifi\u00e9s de ses clients.<\/p>\n<p>Haute qualit\u00e9 : \u00ab\u00a0Metallic Ayar\u00a0\u00bb se distingue par sa qualit\u00e9 exceptionnelle, en s\u00e9lectionnant soigneusement des composants pour garantir les meilleurs r\u00e9sultats dans le monde de la d\u00e9coration. Cette peinture garantit une exp\u00e9rience in\u00e9gal\u00e9e.<\/p>\n<p>Facilit\u00e9 d&rsquo;utilisation : \u00ab\u00a0Metallic Ayar\u00a0\u00bb permet \u00e0 tout le monde de profiter d&rsquo;une exp\u00e9rience d&rsquo;application facile et efficace. Elle s&rsquo;\u00e9tale facilement sur les surfaces, rendant le processus agr\u00e9able et simple.<\/p>\n<p>Ajoute une touche attrayante : Cette peinture apporte une touche artistique attrayante et \u00e9tincelante aux murs, am\u00e9liorant l&rsquo;\u00e9l\u00e9gance et la beaut\u00e9 des espaces int\u00e9rieurs. Elle vous permet d&rsquo;atteindre une touche artistique unique qui exprime votre go\u00fbt raffin\u00e9.<\/p>\n<p>Disponible dans diverses couleurs : \u00ab\u00a0Metallic Ayar\u00a0\u00bb est disponible dans une large gamme de couleurs pour convenir \u00e0 tous les go\u00fbts et styles d\u00e9coratifs. Vous pouvez choisir parmi (Argent, Or et Cuivre) pour obtenir l&rsquo;aspect qui convient \u00e0 votre espace.<\/p>\n<p>\u00ab\u00a0Metallic Ayar\u00a0\u00bb n&rsquo;est pas simplement de la peinture ; c&rsquo;est une expression d&rsquo;\u00e9l\u00e9gance dans la conception d&rsquo;espaces int\u00e9rieurs. Faites de votre espace une \u0153uvre d&rsquo;art qui brille avec une touche unique de cette peinture fantastique.<\/p>\n","protected":false},"excerpt":{"rendered":"<p>\u00ab\u00a0Metallic Ayar\u00a0\u00bb d&rsquo;Almadina Misrata Paints : Une Cr\u00e9ativit\u00e9 \u00c9clatante dans le Monde de la D\u00e9coration Les peintures de la ville de Misrata pr\u00e9sentent leur produit \u00ab\u00a0Metallic Ayar\u00a0\u00bb, repr\u00e9sentant une nouvelle \u00e9tape dans le monde de la d\u00e9coration et de l&rsquo;art. Il s&rsquo;agit d&rsquo;une peinture d\u00e9corative \u00e0 base d&rsquo;eau qui refl\u00e8te l&rsquo;engagement de l&rsquo;entreprise \u00e0 fournir [&hellip;]<\/p>\n","protected":false},"featured_media":20262,"template":"","meta":{"_acf_changed":false},"product_brand":[],"product_cat":[3457],"product_tag":[],"designs":[3444],"class_list":{"0":"post-20261","1":"product","2":"type-product","3":"status-publish","4":"has-post-thumbnail","6":"product_cat-peintures-decoratives","7":"designs-interieure","9":"first","10":"instock","11":"shipping-taxable","12":"product-type-simple"},"acf":[],"_links":{"self":[{"href":"https:\/\/almadinamisurata.ly\/fr\/wp-json\/wp\/v2\/product\/20261","targetHints":{"allow":["GET"]}}],"collection":[{"href":"https:\/\/almadinamisurata.ly\/fr\/wp-json\/wp\/v2\/product"}],"about":[{"href":"https:\/\/almadinamisurata.ly\/fr\/wp-json\/wp\/v2\/types\/product"}],"wp:featuredmedia":[{"embeddable":true,"href":"https:\/\/almadinamisurata.ly\/fr\/wp-json\/wp\/v2\/media\/20262"}],"wp:attachment":[{"href":"https:\/\/almadinamisurata.ly\/fr\/wp-json\/wp\/v2\/media?parent=20261"}],"wp:term":[{"taxonomy":"product_brand","embeddable":true,"href":"https:\/\/almadinamisurata.ly\/fr\/wp-json\/wp\/v2\/product_brand?post=20261"},{"taxonomy":"product_cat","embeddable":true,"href":"https:\/\/almadinamisurata.ly\/fr\/wp-json\/wp\/v2\/product_cat?post=20261"},{"taxonomy":"product_tag","embeddable":true,"href":"https:\/\/almadinamisurata.ly\/fr\/wp-json\/wp\/v2\/product_tag?post=20261"},{"taxonomy":"designs","embeddable":true,"href":"https:\/\/almadinamisurata.ly\/fr\/wp-json\/wp\/v2\/designs?post=20261"}],"curies":[{"name":"wp","href":"https:\/\/api.w.org\/{rel}","templated":true}]}}