{"id":20264,"date":"2024-02-04T09:30:00","date_gmt":"2024-02-04T09:30:00","guid":{"rendered":"https:\/\/almadinamisurata.ly\/fr\/?post_type=product&#038;p=20264"},"modified":"2024-02-04T09:30:00","modified_gmt":"2024-02-04T09:30:00","slug":"antica-premium","status":"publish","type":"product","link":"https:\/\/almadinamisurata.ly\/fr\/product\/antica-premium\/","title":{"rendered":"Antica Premium"},"content":{"rendered":"<p>\u00ab\u00a0Antica Premium\u00a0\u00bb est une peinture d\u00e9corative innovante \u00e0 base d&rsquo;eau qui offre aux murs une touche luxueuse d&rsquo;effets lisses imitant le marbre. Propos\u00e9 par Misrata City Paints, ce produit offre une exp\u00e9rience unique pour transformer les espaces int\u00e9rieurs en zones \u00e9l\u00e9gamment parfum\u00e9es et luxueuses.<\/p>\n<p>Effets Lisses Imitant le Marbre : Antica Premium cr\u00e9e des effets visuels \u00e9poustouflants ressemblant au marbre, ajoutant une touche artistique aux murs.<\/p>\n<p>\u00c9l\u00e9gance Luxueuse : Le produit se distingue par sa capacit\u00e9 \u00e0 apporter une atmosph\u00e8re luxueuse et sophistiqu\u00e9e aux espaces int\u00e9rieurs, en en faisant un choix id\u00e9al pour les endroits n\u00e9cessitant les plus hautes normes de design.<\/p>\n<p>M\u00e9lange de Couleurs Riche et Magnifique Interaction : Antica Premium offre une large gamme de couleurs et de nuances, avec une interaction m\u00e9ticuleuse entre elles, vous permettant de choisir la couleur optimale selon votre style et la d\u00e9coration de l&rsquo;endroit.<\/p>\n<p>Disponible en Blanc et Personnalisable : Le produit offre l&rsquo;option d&rsquo;une base blanche, permettant aux utilisateurs de personnaliser la couleur selon leurs besoins et pr\u00e9f\u00e9rences \u00e0 l&rsquo;aide du catalogue disponible.<\/p>\n<p>Antica Premium de Misrata City Paints est une innovation qui refl\u00e8te l&rsquo;unicit\u00e9 et la beaut\u00e9, incarnant l&rsquo;engagement de l&rsquo;entreprise \u00e0 fournir des produits r\u00e9pondant aux normes les plus \u00e9lev\u00e9es de qualit\u00e9 et de design. Cette peinture d\u00e9corative \u00e0 base d&rsquo;eau est un choix id\u00e9al pour ceux qui cherchent \u00e0 renouveler leurs espaces de mani\u00e8re unique et sophistiqu\u00e9e.<\/p>\n","protected":false},"excerpt":{"rendered":"<p>\u00ab\u00a0Antica Premium\u00a0\u00bb est une peinture d\u00e9corative innovante \u00e0 base d&rsquo;eau qui offre aux murs une touche luxueuse d&rsquo;effets lisses imitant le marbre. Propos\u00e9 par Misrata City Paints, ce produit offre une exp\u00e9rience unique pour transformer les espaces int\u00e9rieurs en zones \u00e9l\u00e9gamment parfum\u00e9es et luxueuses. Effets Lisses Imitant le Marbre : Antica Premium cr\u00e9e des effets [&hellip;]<\/p>\n","protected":false},"featured_media":20265,"template":"","meta":{"_acf_changed":false},"product_brand":[],"product_cat":[3457],"product_tag":[],"designs":[3444],"class_list":{"0":"post-20264","1":"product","2":"type-product","3":"status-publish","4":"has-post-thumbnail","6":"product_cat-peintures-decoratives","7":"designs-interieure","9":"first","10":"instock","11":"shipping-taxable","12":"product-type-simple"},"acf":[],"_links":{"self":[{"href":"https:\/\/almadinamisurata.ly\/fr\/wp-json\/wp\/v2\/product\/20264","targetHints":{"allow":["GET"]}}],"collection":[{"href":"https:\/\/almadinamisurata.ly\/fr\/wp-json\/wp\/v2\/product"}],"about":[{"href":"https:\/\/almadinamisurata.ly\/fr\/wp-json\/wp\/v2\/types\/product"}],"wp:featuredmedia":[{"embeddable":true,"href":"https:\/\/almadinamisurata.ly\/fr\/wp-json\/wp\/v2\/media\/20265"}],"wp:attachment":[{"href":"https:\/\/almadinamisurata.ly\/fr\/wp-json\/wp\/v2\/media?parent=20264"}],"wp:term":[{"taxonomy":"product_brand","embeddable":true,"href":"https:\/\/almadinamisurata.ly\/fr\/wp-json\/wp\/v2\/product_brand?post=20264"},{"taxonomy":"product_cat","embeddable":true,"href":"https:\/\/almadinamisurata.ly\/fr\/wp-json\/wp\/v2\/product_cat?post=20264"},{"taxonomy":"product_tag","embeddable":true,"href":"https:\/\/almadinamisurata.ly\/fr\/wp-json\/wp\/v2\/product_tag?post=20264"},{"taxonomy":"designs","embeddable":true,"href":"https:\/\/almadinamisurata.ly\/fr\/wp-json\/wp\/v2\/designs?post=20264"}],"curies":[{"name":"wp","href":"https:\/\/api.w.org\/{rel}","templated":true}]}}