{"id":20269,"date":"2024-02-04T09:43:43","date_gmt":"2024-02-04T09:43:43","guid":{"rendered":"https:\/\/almadinamisurata.ly\/fr\/?post_type=product&#038;p=20269"},"modified":"2024-02-04T09:43:44","modified_gmt":"2024-02-04T09:43:44","slug":"silicate-felix","status":"publish","type":"product","link":"https:\/\/almadinamisurata.ly\/fr\/product\/silicate-felix\/","title":{"rendered":"Silicate Felix"},"content":{"rendered":"<p>\u00ab\u00a0Silicate Felix\u00a0\u00bb est une peinture acrylique d\u00e9corative de haute qualit\u00e9 qui repr\u00e9sente l&rsquo;innovation optimale pour obtenir des effets artistiques et une protection sup\u00e9rieure. Propos\u00e9 par Misrata City Paints, il se distingue par une combinaison unique de propri\u00e9t\u00e9s qui en font un choix distinctif pour la r\u00e9novation et la d\u00e9coration des surfaces int\u00e9rieures et ext\u00e9rieures.<\/p>\n<p>Contient des Particules de Quartz : Silicate Felix pr\u00e9sente une composition unique qui inclut des particules fines de quartz, conf\u00e9rant \u00e0 la peinture une apparence artistique distinctive et un effet esth\u00e9tique.<\/p>\n<p>Hydrofuge : Il offre une protection contre les fuites d&rsquo;eau, le rendant adapt\u00e9 \u00e0 une utilisation dans des zones qui peuvent \u00eatre directement expos\u00e9es \u00e0 l&rsquo;eau.<\/p>\n<p>R\u00e9sistant \u00e0 l&rsquo;\u00c9caillage et \u00e0 l&rsquo;Abrasion : Il pr\u00e9sente une grande r\u00e9sistance \u00e0 l&rsquo;\u00e9caillement et \u00e0 l&rsquo;abrasion, en faisant un choix id\u00e9al pour les endroits susceptibles de subir des dommages fr\u00e9quents.<\/p>\n<p>R\u00e9sistance \u00c9lev\u00e9e \u00e0 l&rsquo;Humidit\u00e9 et aux Intemp\u00e9ries : Il prot\u00e8ge les surfaces des effets de l&rsquo;humidit\u00e9 et des conditions m\u00e9t\u00e9orologiques, assurant durabilit\u00e9 et une apparence fra\u00eeche sur une p\u00e9riode prolong\u00e9e.<\/p>\n<p>Silicate Felix repr\u00e9sente une \u00e9tape efficace vers l&rsquo;am\u00e9lioration de l&rsquo;apparence des surfaces et le renforcement de leur r\u00e9sistance protectrice. Cette peinture d\u00e9corative unique offre une exp\u00e9rience artistique distinctive, en en faisant un choix id\u00e9al pour les projets artistiques et la d\u00e9coration int\u00e9rieure et ext\u00e9rieure.<\/p>\n","protected":false},"excerpt":{"rendered":"<p>\u00ab\u00a0Silicate Felix\u00a0\u00bb est une peinture acrylique d\u00e9corative de haute qualit\u00e9 qui repr\u00e9sente l&rsquo;innovation optimale pour obtenir des effets artistiques et une protection sup\u00e9rieure. Propos\u00e9 par Misrata City Paints, il se distingue par une combinaison unique de propri\u00e9t\u00e9s qui en font un choix distinctif pour la r\u00e9novation et la d\u00e9coration des surfaces int\u00e9rieures et ext\u00e9rieures. Contient [&hellip;]<\/p>\n","protected":false},"featured_media":20270,"template":"","meta":{"_acf_changed":false},"product_brand":[],"product_cat":[3449],"product_tag":[],"designs":[3450],"class_list":{"0":"post-20269","1":"product","2":"type-product","3":"status-publish","4":"has-post-thumbnail","6":"product_cat-peintures-exterieures","7":"designs-exterieure","9":"first","10":"instock","11":"shipping-taxable","12":"product-type-simple"},"acf":[],"_links":{"self":[{"href":"https:\/\/almadinamisurata.ly\/fr\/wp-json\/wp\/v2\/product\/20269","targetHints":{"allow":["GET"]}}],"collection":[{"href":"https:\/\/almadinamisurata.ly\/fr\/wp-json\/wp\/v2\/product"}],"about":[{"href":"https:\/\/almadinamisurata.ly\/fr\/wp-json\/wp\/v2\/types\/product"}],"wp:featuredmedia":[{"embeddable":true,"href":"https:\/\/almadinamisurata.ly\/fr\/wp-json\/wp\/v2\/media\/20270"}],"wp:attachment":[{"href":"https:\/\/almadinamisurata.ly\/fr\/wp-json\/wp\/v2\/media?parent=20269"}],"wp:term":[{"taxonomy":"product_brand","embeddable":true,"href":"https:\/\/almadinamisurata.ly\/fr\/wp-json\/wp\/v2\/product_brand?post=20269"},{"taxonomy":"product_cat","embeddable":true,"href":"https:\/\/almadinamisurata.ly\/fr\/wp-json\/wp\/v2\/product_cat?post=20269"},{"taxonomy":"product_tag","embeddable":true,"href":"https:\/\/almadinamisurata.ly\/fr\/wp-json\/wp\/v2\/product_tag?post=20269"},{"taxonomy":"designs","embeddable":true,"href":"https:\/\/almadinamisurata.ly\/fr\/wp-json\/wp\/v2\/designs?post=20269"}],"curies":[{"name":"wp","href":"https:\/\/api.w.org\/{rel}","templated":true}]}}