{"id":20271,"date":"2024-02-04T09:50:36","date_gmt":"2024-02-04T09:50:36","guid":{"rendered":"https:\/\/almadinamisurata.ly\/fr\/?post_type=product&#038;p=20271"},"modified":"2024-02-04T09:50:36","modified_gmt":"2024-02-04T09:50:36","slug":"duco-master","status":"publish","type":"product","link":"https:\/\/almadinamisurata.ly\/fr\/product\/duco-master\/","title":{"rendered":"Duco Master"},"content":{"rendered":"<p>\u00ab\u00a0Duco Master\u00a0\u00bb est une peinture de finition brillante de haute qualit\u00e9 r\u00e9put\u00e9e pour son design exceptionnel. Elle est \u00e9labor\u00e9e \u00e0 partir de mat\u00e9riau de nitrocellulose, adapt\u00e9e \u00e0 une utilisation int\u00e9rieure et ext\u00e9rieure sur diverses surfaces m\u00e9talliques et en bois.<\/p>\n<p>Caract\u00e9ristiques :<\/p>\n<p>Brillance \u00c9lev\u00e9e : Duco Master se distingue par sa brillance exceptionnelle qui am\u00e9liore l&rsquo;attrait et la beaut\u00e9 des surfaces, cr\u00e9ant une finition attrayante et brillante.<\/p>\n<p>S\u00e9chage Rapide : Elle a un temps de s\u00e9chage rapide, facilitant la r\u00e9alisation rapide des projets et \u00e9conomisant du temps et des efforts.<\/p>\n<p>R\u00e9sistance aux Intemp\u00e9ries : Con\u00e7ue pour r\u00e9sister aux effets du temps, elle convient donc \u00e0 une utilisation en ext\u00e9rieur.<\/p>\n<p>Utilisation :<\/p>\n<p>Pour les Surfaces M\u00e9talliques : Sert de peinture de finition brillante pour les voitures, les portes et tous les accessoires m\u00e9talliques, offrant une apparence \u00e9l\u00e9gante et brillante.<\/p>\n<p>Pour les Surfaces en Bois : Utilis\u00e9e comme peinture de finition pour les surfaces en bois telles que les portes, les cuisines et les bureaux, offrant un \u00e9clat esth\u00e9tique durable.<\/p>\n<p>Duco Master est un excellent choix pour ceux qui recherchent une finition brillante de haute qualit\u00e9, offrant aux surfaces une touche de luxe et d&rsquo;\u00e9l\u00e9gance.<\/p>\n","protected":false},"excerpt":{"rendered":"<p>\u00ab\u00a0Duco Master\u00a0\u00bb est une peinture de finition brillante de haute qualit\u00e9 r\u00e9put\u00e9e pour son design exceptionnel. Elle est \u00e9labor\u00e9e \u00e0 partir de mat\u00e9riau de nitrocellulose, adapt\u00e9e \u00e0 une utilisation int\u00e9rieure et ext\u00e9rieure sur diverses surfaces m\u00e9talliques et en bois. Caract\u00e9ristiques : Brillance \u00c9lev\u00e9e : Duco Master se distingue par sa brillance exceptionnelle qui am\u00e9liore l&rsquo;attrait [&hellip;]<\/p>\n","protected":false},"featured_media":20272,"template":"","meta":{"_acf_changed":false},"product_brand":[],"product_cat":[3467],"product_tag":[],"designs":[],"class_list":{"0":"post-20271","1":"product","2":"type-product","3":"status-publish","4":"has-post-thumbnail","6":"product_cat-peintures-automobiles","8":"first","9":"instock","10":"shipping-taxable","11":"product-type-simple"},"acf":[],"_links":{"self":[{"href":"https:\/\/almadinamisurata.ly\/fr\/wp-json\/wp\/v2\/product\/20271","targetHints":{"allow":["GET"]}}],"collection":[{"href":"https:\/\/almadinamisurata.ly\/fr\/wp-json\/wp\/v2\/product"}],"about":[{"href":"https:\/\/almadinamisurata.ly\/fr\/wp-json\/wp\/v2\/types\/product"}],"wp:featuredmedia":[{"embeddable":true,"href":"https:\/\/almadinamisurata.ly\/fr\/wp-json\/wp\/v2\/media\/20272"}],"wp:attachment":[{"href":"https:\/\/almadinamisurata.ly\/fr\/wp-json\/wp\/v2\/media?parent=20271"}],"wp:term":[{"taxonomy":"product_brand","embeddable":true,"href":"https:\/\/almadinamisurata.ly\/fr\/wp-json\/wp\/v2\/product_brand?post=20271"},{"taxonomy":"product_cat","embeddable":true,"href":"https:\/\/almadinamisurata.ly\/fr\/wp-json\/wp\/v2\/product_cat?post=20271"},{"taxonomy":"product_tag","embeddable":true,"href":"https:\/\/almadinamisurata.ly\/fr\/wp-json\/wp\/v2\/product_tag?post=20271"},{"taxonomy":"designs","embeddable":true,"href":"https:\/\/almadinamisurata.ly\/fr\/wp-json\/wp\/v2\/designs?post=20271"}],"curies":[{"name":"wp","href":"https:\/\/api.w.org\/{rel}","templated":true}]}}