{"id":20276,"date":"2024-02-04T09:59:18","date_gmt":"2024-02-04T09:59:18","guid":{"rendered":"https:\/\/almadinamisurata.ly\/fr\/?post_type=product&#038;p=20276"},"modified":"2025-04-08T12:10:09","modified_gmt":"2025-04-08T12:10:09","slug":"lasphalte-froid","status":"publish","type":"product","link":"https:\/\/almadinamisurata.ly\/fr\/product\/lasphalte-froid\/","title":{"rendered":"L&rsquo;asphalte froid"},"content":{"rendered":"<p>L&rsquo;asphalte froid est une solution innovante et efficace propos\u00e9e par Almadina Misurata Paints, sp\u00e9cialement con\u00e7ue pour des r\u00e9parations rapides et efficaces des routes et des surfaces asphalt\u00e9es.<\/p>\n<p>Application facile\u00a0: L&rsquo;asphalte froid est dot\u00e9 d&rsquo;une formule facile \u00e0 appliquer, simplifiant et rendant la r\u00e9paration des routes efficace.<\/p>\n<p>S\u00e9chage rapide\u00a0: Son temps de s\u00e9chage rapide acc\u00e9l\u00e8re les op\u00e9rations d&rsquo;entretien et de r\u00e9novation des routes.<\/p>\n<p>Duret\u00e9 et durabilit\u00e9 \u00e9lev\u00e9es\u00a0: Sa duret\u00e9 extr\u00eame et sa durabilit\u00e9 \u00e9lev\u00e9e lui conf\u00e8rent une r\u00e9sistance aux pressions r\u00e9p\u00e9t\u00e9es et un maintien durable de sa qualit\u00e9.<\/p>\n<p>Adh\u00e9rence sup\u00e9rieure\u00a0: Son adh\u00e9rence sup\u00e9rieure assure une bonne adh\u00e9rence \u00e0 la surface, pr\u00e9venant les fissures et \u00e9vitant le d\u00e9collement.<\/p>\n<p>R\u00e9sistance \u00e0 l&rsquo;environnement\u00a0: L&rsquo;asphalte froid r\u00e9siste aux variations climatiques et aux diff\u00e9rentes conditions environnementales, ce qui le rend adapt\u00e9 \u00e0 une utilisation dans diff\u00e9rentes conditions m\u00e9t\u00e9orologiques.<\/p>\n<p>L&rsquo;asphalte froid est une solution fiable pour des r\u00e9parations routi\u00e8res imm\u00e9diates et efficaces. Qu&rsquo;il s&rsquo;agisse de r\u00e9parer des fissures ou de r\u00e9parer des d\u00e9fauts de surface, ce produit offre une application facile et une duret\u00e9 sup\u00e9rieure pour am\u00e9liorer la qualit\u00e9 et la durabilit\u00e9 des surfaces asphalt\u00e9es.<\/p>\n","protected":false},"excerpt":{"rendered":"<p>L&rsquo;asphalte froid est une solution innovante et efficace propos\u00e9e par Almadina Misurata Paints, sp\u00e9cialement con\u00e7ue pour des r\u00e9parations rapides et efficaces des routes et des surfaces asphalt\u00e9es. Application facile\u00a0: L&rsquo;asphalte froid est dot\u00e9 d&rsquo;une formule facile \u00e0 appliquer, simplifiant et rendant la r\u00e9paration des routes efficace. S\u00e9chage rapide\u00a0: Son temps de s\u00e9chage rapide acc\u00e9l\u00e8re les [&hellip;]<\/p>\n","protected":false},"featured_media":20277,"template":"","meta":{"_acf_changed":false},"product_brand":[],"product_cat":[3452],"product_tag":[],"designs":[],"class_list":{"0":"post-20276","1":"product","2":"type-product","3":"status-publish","4":"has-post-thumbnail","6":"product_cat-peintures-routieres","8":"first","9":"instock","10":"shipping-taxable","11":"product-type-simple"},"acf":[],"_links":{"self":[{"href":"https:\/\/almadinamisurata.ly\/fr\/wp-json\/wp\/v2\/product\/20276","targetHints":{"allow":["GET"]}}],"collection":[{"href":"https:\/\/almadinamisurata.ly\/fr\/wp-json\/wp\/v2\/product"}],"about":[{"href":"https:\/\/almadinamisurata.ly\/fr\/wp-json\/wp\/v2\/types\/product"}],"wp:featuredmedia":[{"embeddable":true,"href":"https:\/\/almadinamisurata.ly\/fr\/wp-json\/wp\/v2\/media\/20277"}],"wp:attachment":[{"href":"https:\/\/almadinamisurata.ly\/fr\/wp-json\/wp\/v2\/media?parent=20276"}],"wp:term":[{"taxonomy":"product_brand","embeddable":true,"href":"https:\/\/almadinamisurata.ly\/fr\/wp-json\/wp\/v2\/product_brand?post=20276"},{"taxonomy":"product_cat","embeddable":true,"href":"https:\/\/almadinamisurata.ly\/fr\/wp-json\/wp\/v2\/product_cat?post=20276"},{"taxonomy":"product_tag","embeddable":true,"href":"https:\/\/almadinamisurata.ly\/fr\/wp-json\/wp\/v2\/product_tag?post=20276"},{"taxonomy":"designs","embeddable":true,"href":"https:\/\/almadinamisurata.ly\/fr\/wp-json\/wp\/v2\/designs?post=20276"}],"curies":[{"name":"wp","href":"https:\/\/api.w.org\/{rel}","templated":true}]}}