{"id":20278,"date":"2024-02-04T10:03:09","date_gmt":"2024-02-04T10:03:09","guid":{"rendered":"https:\/\/almadinamisurata.ly\/fr\/?post_type=product&#038;p=20278"},"modified":"2024-02-04T10:03:10","modified_gmt":"2024-02-04T10:03:10","slug":"leclaircisseur-acrylique","status":"publish","type":"product","link":"https:\/\/almadinamisurata.ly\/fr\/product\/leclaircisseur-acrylique\/","title":{"rendered":"L&rsquo;\u00c9claircisseur Acrylique"},"content":{"rendered":"<p>\u00ab\u00a0L&rsquo;\u00c9claircisseur Acrylique\u00a0\u00bb est un diluant innovant pour laque pr\u00e9sent\u00e9 par Misrata City Paints. Ce produit pr\u00e9sente une formule unique compos\u00e9e de divers solvants, lui conf\u00e9rant la capacit\u00e9 d&rsquo;\u00e9claircir efficacement tous types de peintures.<\/p>\n<p>Caract\u00e9ristiques du Produit :<\/p>\n<p>Polyvalence : L&rsquo;\u00e9claircisseur acrylique sert de solution polyvalente, capable d&rsquo;\u00e9claircir efficacement divers types de peintures.<\/p>\n<p>Facilit\u00e9 d&rsquo;Utilisation : Il est dot\u00e9 d&rsquo;une formule con\u00e7ue pour \u00eatre conviviale, facilitant le processus de m\u00e9lange avec les peintures de mani\u00e8re facile et efficace.<\/p>\n<p>Am\u00e9lioration de la Viscosit\u00e9 : Travaille \u00e0 am\u00e9liorer la viscosit\u00e9 de la peinture, contribuant \u00e0 rehausser sa texture et facilitant le processus d&rsquo;application.<\/p>\n<p>R\u00e9sultats Exceptionnels : L&rsquo;\u00e9claircisseur acrylique aide \u00e0 obtenir des r\u00e9sultats exceptionnels, que les peintures soient utilis\u00e9es \u00e0 des fins commerciales ou r\u00e9sidentielles.<\/p>\n","protected":false},"excerpt":{"rendered":"<p>\u00ab\u00a0L&rsquo;\u00c9claircisseur Acrylique\u00a0\u00bb est un diluant innovant pour laque pr\u00e9sent\u00e9 par Misrata City Paints. Ce produit pr\u00e9sente une formule unique compos\u00e9e de divers solvants, lui conf\u00e9rant la capacit\u00e9 d&rsquo;\u00e9claircir efficacement tous types de peintures. Caract\u00e9ristiques du Produit : Polyvalence : L&rsquo;\u00e9claircisseur acrylique sert de solution polyvalente, capable d&rsquo;\u00e9claircir efficacement divers types de peintures. Facilit\u00e9 d&rsquo;Utilisation : [&hellip;]<\/p>\n","protected":false},"featured_media":20279,"template":"","meta":{"_acf_changed":false},"product_brand":[],"product_cat":[3463],"product_tag":[],"designs":[],"class_list":{"0":"post-20278","1":"product","2":"type-product","3":"status-publish","4":"has-post-thumbnail","6":"product_cat-solvant","8":"first","9":"instock","10":"shipping-taxable","11":"product-type-simple"},"acf":[],"_links":{"self":[{"href":"https:\/\/almadinamisurata.ly\/fr\/wp-json\/wp\/v2\/product\/20278","targetHints":{"allow":["GET"]}}],"collection":[{"href":"https:\/\/almadinamisurata.ly\/fr\/wp-json\/wp\/v2\/product"}],"about":[{"href":"https:\/\/almadinamisurata.ly\/fr\/wp-json\/wp\/v2\/types\/product"}],"wp:featuredmedia":[{"embeddable":true,"href":"https:\/\/almadinamisurata.ly\/fr\/wp-json\/wp\/v2\/media\/20279"}],"wp:attachment":[{"href":"https:\/\/almadinamisurata.ly\/fr\/wp-json\/wp\/v2\/media?parent=20278"}],"wp:term":[{"taxonomy":"product_brand","embeddable":true,"href":"https:\/\/almadinamisurata.ly\/fr\/wp-json\/wp\/v2\/product_brand?post=20278"},{"taxonomy":"product_cat","embeddable":true,"href":"https:\/\/almadinamisurata.ly\/fr\/wp-json\/wp\/v2\/product_cat?post=20278"},{"taxonomy":"product_tag","embeddable":true,"href":"https:\/\/almadinamisurata.ly\/fr\/wp-json\/wp\/v2\/product_tag?post=20278"},{"taxonomy":"designs","embeddable":true,"href":"https:\/\/almadinamisurata.ly\/fr\/wp-json\/wp\/v2\/designs?post=20278"}],"curies":[{"name":"wp","href":"https:\/\/api.w.org\/{rel}","templated":true}]}}