{"id":20360,"date":"2024-10-19T11:57:04","date_gmt":"2024-10-19T11:57:04","guid":{"rendered":"https:\/\/almadinamisurata.ly\/fr\/?post_type=product&#038;p=20360"},"modified":"2024-10-19T11:58:12","modified_gmt":"2024-10-19T11:58:12","slug":"peinture-ceramique","status":"publish","type":"product","link":"https:\/\/almadinamisurata.ly\/fr\/product\/peinture-ceramique\/","title":{"rendered":"Peinture c\u00e9ramique"},"content":{"rendered":"<div class=\"uk-panel uk-margin\">\n<p>Ceramic Paint est une peinture de haute qualit\u00e9 \u00e0 base d\u2019eau fabriqu\u00e9e \u00e0 partir d\u2019un copolym\u00e8re acrylique. Gr\u00e2ce \u00e0 ses excellentes propri\u00e9t\u00e9s d\u2019adh\u00e9sion et \u00e0 sa r\u00e9sistance exceptionnelle \u00e0 l\u2019eau, ce produit est id\u00e9al pour rafra\u00eechir les couleurs des murs sans endommager les carreaux existants. Il peut \u00eatre utilis\u00e9 sur toutes sortes de c\u00e9ramiques et de porcelaines, que ce soit dans les salles de bains, les cuisines, et bien plus encore. De plus, cette peinture est respectueuse de l\u2019environnement.<\/p>\n<p><strong>Avantages :<\/strong><\/p>\n<p>La peinture c\u00e9ramique offre de nombreux avantages, tels qu\u2019une adh\u00e9rence exceptionnelle, une r\u00e9sistance \u00e9lev\u00e9e \u00e0 l\u2019eau et \u00e0 l\u2019humidit\u00e9, ainsi qu\u2019un \u00e9clat remarquable<\/p>\n<\/div>\n","protected":false},"excerpt":{"rendered":"<p>Ceramic Paint est une peinture de haute qualit\u00e9 \u00e0 base d\u2019eau fabriqu\u00e9e \u00e0 partir d\u2019un copolym\u00e8re acrylique. Gr\u00e2ce \u00e0 ses excellentes propri\u00e9t\u00e9s d\u2019adh\u00e9sion et \u00e0 sa r\u00e9sistance exceptionnelle \u00e0 l\u2019eau, ce produit est id\u00e9al pour rafra\u00eechir les couleurs des murs sans endommager les carreaux existants. Il peut \u00eatre utilis\u00e9 sur toutes sortes de c\u00e9ramiques et [&hellip;]<\/p>\n","protected":false},"featured_media":20361,"template":"","meta":{"_acf_changed":false},"product_brand":[],"product_cat":[3443],"product_tag":[],"designs":[],"class_list":{"0":"post-20360","1":"product","2":"type-product","3":"status-publish","4":"has-post-thumbnail","6":"product_cat-peintures-a-base-deau","8":"first","9":"instock","10":"shipping-taxable","11":"product-type-simple"},"acf":[],"_links":{"self":[{"href":"https:\/\/almadinamisurata.ly\/fr\/wp-json\/wp\/v2\/product\/20360","targetHints":{"allow":["GET"]}}],"collection":[{"href":"https:\/\/almadinamisurata.ly\/fr\/wp-json\/wp\/v2\/product"}],"about":[{"href":"https:\/\/almadinamisurata.ly\/fr\/wp-json\/wp\/v2\/types\/product"}],"wp:featuredmedia":[{"embeddable":true,"href":"https:\/\/almadinamisurata.ly\/fr\/wp-json\/wp\/v2\/media\/20361"}],"wp:attachment":[{"href":"https:\/\/almadinamisurata.ly\/fr\/wp-json\/wp\/v2\/media?parent=20360"}],"wp:term":[{"taxonomy":"product_brand","embeddable":true,"href":"https:\/\/almadinamisurata.ly\/fr\/wp-json\/wp\/v2\/product_brand?post=20360"},{"taxonomy":"product_cat","embeddable":true,"href":"https:\/\/almadinamisurata.ly\/fr\/wp-json\/wp\/v2\/product_cat?post=20360"},{"taxonomy":"product_tag","embeddable":true,"href":"https:\/\/almadinamisurata.ly\/fr\/wp-json\/wp\/v2\/product_tag?post=20360"},{"taxonomy":"designs","embeddable":true,"href":"https:\/\/almadinamisurata.ly\/fr\/wp-json\/wp\/v2\/designs?post=20360"}],"curies":[{"name":"wp","href":"https:\/\/api.w.org\/{rel}","templated":true}]}}