{"id":20369,"date":"2024-10-23T10:09:21","date_gmt":"2024-10-23T10:09:21","guid":{"rendered":"https:\/\/almadinamisurata.ly\/fr\/?post_type=product&#038;p=20369"},"modified":"2024-11-12T10:44:37","modified_gmt":"2024-11-12T10:44:37","slug":"colle-a-carrelage-isocoll-c2te","status":"publish","type":"product","link":"https:\/\/almadinamisurata.ly\/fr\/product\/colle-a-carrelage-isocoll-c2te\/","title":{"rendered":"Colle \u00e0 carrelage ISOCOLL C2TE"},"content":{"rendered":"<p>Colle \u00e0 carrelage thixotrope de haute qualit\u00e9. Elle est \u00e0 base de ciment,<br \/>\nd&rsquo;agr\u00e9gats et de types sp\u00e9ciaux de liants et d&rsquo;additifs. Elle est adapt\u00e9e aux<br \/>\ntravaux de collage sur c\u00e9ramique, porcelaine, marbre et granit.<br \/>\nElle est utilis\u00e9e pour les travaux int\u00e9rieurs et ext\u00e9rieurs, pour les sols et les murs, car elle<br \/>\nse caract\u00e9rise par une r\u00e9sistance \u00e9lev\u00e9e au glissement vertical.<br \/>\nUtilis\u00e9e sur des \u00e9paisseurs allant jusqu&rsquo;\u00e0 10-15 mm.<br \/>\nConforme \u00e0 la norme EN 12004 classe C2TE.<\/p>\n","protected":false},"excerpt":{"rendered":"<p>Colle \u00e0 carrelage thixotrope de haute qualit\u00e9. Elle est \u00e0 base de ciment, d&rsquo;agr\u00e9gats et de types sp\u00e9ciaux de liants et d&rsquo;additifs. Elle est adapt\u00e9e aux travaux de collage sur c\u00e9ramique, porcelaine, marbre et granit. Elle est utilis\u00e9e pour les travaux int\u00e9rieurs et ext\u00e9rieurs, pour les sols et les murs, car elle se caract\u00e9rise par [&hellip;]<\/p>\n","protected":false},"featured_media":20365,"template":"","meta":{"_acf_changed":false},"product_brand":[],"product_cat":[3464],"product_tag":[],"designs":[3444,3450],"class_list":{"0":"post-20369","1":"product","2":"type-product","3":"status-publish","4":"has-post-thumbnail","6":"product_cat-materiaux-de-construction","7":"designs-interieure","8":"designs-exterieure","10":"first","11":"instock","12":"shipping-taxable","13":"product-type-simple"},"acf":[],"_links":{"self":[{"href":"https:\/\/almadinamisurata.ly\/fr\/wp-json\/wp\/v2\/product\/20369","targetHints":{"allow":["GET"]}}],"collection":[{"href":"https:\/\/almadinamisurata.ly\/fr\/wp-json\/wp\/v2\/product"}],"about":[{"href":"https:\/\/almadinamisurata.ly\/fr\/wp-json\/wp\/v2\/types\/product"}],"wp:featuredmedia":[{"embeddable":true,"href":"https:\/\/almadinamisurata.ly\/fr\/wp-json\/wp\/v2\/media\/20365"}],"wp:attachment":[{"href":"https:\/\/almadinamisurata.ly\/fr\/wp-json\/wp\/v2\/media?parent=20369"}],"wp:term":[{"taxonomy":"product_brand","embeddable":true,"href":"https:\/\/almadinamisurata.ly\/fr\/wp-json\/wp\/v2\/product_brand?post=20369"},{"taxonomy":"product_cat","embeddable":true,"href":"https:\/\/almadinamisurata.ly\/fr\/wp-json\/wp\/v2\/product_cat?post=20369"},{"taxonomy":"product_tag","embeddable":true,"href":"https:\/\/almadinamisurata.ly\/fr\/wp-json\/wp\/v2\/product_tag?post=20369"},{"taxonomy":"designs","embeddable":true,"href":"https:\/\/almadinamisurata.ly\/fr\/wp-json\/wp\/v2\/designs?post=20369"}],"curies":[{"name":"wp","href":"https:\/\/api.w.org\/{rel}","templated":true}]}}