{"id":20370,"date":"2024-10-24T09:04:23","date_gmt":"2024-10-24T09:04:23","guid":{"rendered":"https:\/\/almadinamisurata.ly\/fr\/?post_type=product&#038;p=20370"},"modified":"2024-10-24T09:11:58","modified_gmt":"2024-10-24T09:11:58","slug":"colle-pour-carrelage-isocoll-c1te","status":"publish","type":"product","link":"https:\/\/almadinamisurata.ly\/fr\/product\/colle-pour-carrelage-isocoll-c1te\/","title":{"rendered":"Colle pour carrelage ISOCOLL C1TE"},"content":{"rendered":"<p>Conforme aux normes europ\u00e9ennes En12004\/C1TE<br \/>\nColle en poudre \u00e0 base de ciment, pour applications int\u00e9rieures, pour carreaux de c\u00e9ramique \u00e0<br \/>\ncannelures profondes, sur fonds irr\u00e9guliers, avec \u00e9paisseur d&rsquo;application jusqu&rsquo;\u00e0 10 mm,<br \/>\nclasse C1TE.<br \/>\nISO COLL est une colle \u00e0 base de ciment Portland \u00e0 hautes r\u00e9sistances,<br \/>\nd&rsquo;additifs et de sable de haute qualit\u00e9, dont la formulation a \u00e9t\u00e9<br \/>\nsp\u00e9cifiquement con\u00e7ue pour les march\u00e9s qui ont besoin d&rsquo;un produit \u00e9conomique mais aussi<br \/>\nconforme aux normes ISO. En particulier, c&rsquo;est un produit qui r\u00e9pond parfaitement aux<br \/>\nexigences du chantier, esp\u00e8ces dans des climats extr\u00eamement chauds et secs.<\/p>\n","protected":false},"excerpt":{"rendered":"<p>Conforme aux normes europ\u00e9ennes En12004\/C1TE Colle en poudre \u00e0 base de ciment, pour applications int\u00e9rieures, pour carreaux de c\u00e9ramique \u00e0 cannelures profondes, sur fonds irr\u00e9guliers, avec \u00e9paisseur d&rsquo;application jusqu&rsquo;\u00e0 10 mm, classe C1TE. ISO COLL est une colle \u00e0 base de ciment Portland \u00e0 hautes r\u00e9sistances, d&rsquo;additifs et de sable de haute qualit\u00e9, dont la [&hellip;]<\/p>\n","protected":false},"featured_media":20363,"template":"","meta":{"_acf_changed":false},"product_brand":[],"product_cat":[3464],"product_tag":[],"designs":[3444],"class_list":{"0":"post-20370","1":"product","2":"type-product","3":"status-publish","4":"has-post-thumbnail","6":"product_cat-materiaux-de-construction","7":"designs-interieure","9":"first","10":"instock","11":"shipping-taxable","12":"product-type-simple"},"acf":[],"_links":{"self":[{"href":"https:\/\/almadinamisurata.ly\/fr\/wp-json\/wp\/v2\/product\/20370","targetHints":{"allow":["GET"]}}],"collection":[{"href":"https:\/\/almadinamisurata.ly\/fr\/wp-json\/wp\/v2\/product"}],"about":[{"href":"https:\/\/almadinamisurata.ly\/fr\/wp-json\/wp\/v2\/types\/product"}],"wp:featuredmedia":[{"embeddable":true,"href":"https:\/\/almadinamisurata.ly\/fr\/wp-json\/wp\/v2\/media\/20363"}],"wp:attachment":[{"href":"https:\/\/almadinamisurata.ly\/fr\/wp-json\/wp\/v2\/media?parent=20370"}],"wp:term":[{"taxonomy":"product_brand","embeddable":true,"href":"https:\/\/almadinamisurata.ly\/fr\/wp-json\/wp\/v2\/product_brand?post=20370"},{"taxonomy":"product_cat","embeddable":true,"href":"https:\/\/almadinamisurata.ly\/fr\/wp-json\/wp\/v2\/product_cat?post=20370"},{"taxonomy":"product_tag","embeddable":true,"href":"https:\/\/almadinamisurata.ly\/fr\/wp-json\/wp\/v2\/product_tag?post=20370"},{"taxonomy":"designs","embeddable":true,"href":"https:\/\/almadinamisurata.ly\/fr\/wp-json\/wp\/v2\/designs?post=20370"}],"curies":[{"name":"wp","href":"https:\/\/api.w.org\/{rel}","templated":true}]}}