{"id":20371,"date":"2024-10-26T14:14:55","date_gmt":"2024-10-26T14:14:55","guid":{"rendered":"https:\/\/almadinamisurata.ly\/fr\/?post_type=product&#038;p=20371"},"modified":"2024-10-26T14:36:14","modified_gmt":"2024-10-26T14:36:14","slug":"econmic-primer","status":"publish","type":"product","link":"https:\/\/almadinamisurata.ly\/fr\/product\/econmic-primer\/","title":{"rendered":"Econmic Primer"},"content":{"rendered":"<p>primaire \u00e0 base d&rsquo;eau de haute qualit\u00e9 caract\u00e9ris\u00e9 par une duret\u00e9 \u00e9lev\u00e9e<br \/>\net une capacit\u00e9 \u00e0 p\u00e9n\u00e9trer dans la surface pour donner \u00e0 la peinture une<br \/>\ndurabilit\u00e9 et une excellente force d&rsquo;adh\u00e9rence adapt\u00e9e aux applications<br \/>\nint\u00e9rieures et ext\u00e9rieures sur des surfaces en ciment, b\u00e9ton et gypse.<br \/>\nAvantages:<br \/>\nEmp\u00eache la perm\u00e9abilit\u00e9 \u00e0 l&rsquo;eau &#8211; Haute adh\u00e9rence &#8211; Excellente<br \/>\n\u00e9tanch\u00e9it\u00e9 des pores de surface &#8211; Excellente r\u00e9sistance \u00e0 l&rsquo;humidit\u00e9 et<br \/>\naux intemp\u00e9ries.<\/p>\n","protected":false},"excerpt":{"rendered":"<p>primaire \u00e0 base d&rsquo;eau de haute qualit\u00e9 caract\u00e9ris\u00e9 par une duret\u00e9 \u00e9lev\u00e9e et une capacit\u00e9 \u00e0 p\u00e9n\u00e9trer dans la surface pour donner \u00e0 la peinture une durabilit\u00e9 et une excellente force d&rsquo;adh\u00e9rence adapt\u00e9e aux applications int\u00e9rieures et ext\u00e9rieures sur des surfaces en ciment, b\u00e9ton et gypse. Avantages: Emp\u00eache la perm\u00e9abilit\u00e9 \u00e0 l&rsquo;eau &#8211; Haute adh\u00e9rence [&hellip;]<\/p>\n","protected":false},"featured_media":20372,"template":"","meta":{"_acf_changed":false},"product_brand":[],"product_cat":[3467],"product_tag":[],"designs":[3444,3450],"class_list":{"0":"post-20371","1":"product","2":"type-product","3":"status-publish","4":"has-post-thumbnail","6":"product_cat-peintures-automobiles","7":"designs-interieure","8":"designs-exterieure","10":"first","11":"instock","12":"shipping-taxable","13":"product-type-simple"},"acf":[],"_links":{"self":[{"href":"https:\/\/almadinamisurata.ly\/fr\/wp-json\/wp\/v2\/product\/20371","targetHints":{"allow":["GET"]}}],"collection":[{"href":"https:\/\/almadinamisurata.ly\/fr\/wp-json\/wp\/v2\/product"}],"about":[{"href":"https:\/\/almadinamisurata.ly\/fr\/wp-json\/wp\/v2\/types\/product"}],"wp:featuredmedia":[{"embeddable":true,"href":"https:\/\/almadinamisurata.ly\/fr\/wp-json\/wp\/v2\/media\/20372"}],"wp:attachment":[{"href":"https:\/\/almadinamisurata.ly\/fr\/wp-json\/wp\/v2\/media?parent=20371"}],"wp:term":[{"taxonomy":"product_brand","embeddable":true,"href":"https:\/\/almadinamisurata.ly\/fr\/wp-json\/wp\/v2\/product_brand?post=20371"},{"taxonomy":"product_cat","embeddable":true,"href":"https:\/\/almadinamisurata.ly\/fr\/wp-json\/wp\/v2\/product_cat?post=20371"},{"taxonomy":"product_tag","embeddable":true,"href":"https:\/\/almadinamisurata.ly\/fr\/wp-json\/wp\/v2\/product_tag?post=20371"},{"taxonomy":"designs","embeddable":true,"href":"https:\/\/almadinamisurata.ly\/fr\/wp-json\/wp\/v2\/designs?post=20371"}],"curies":[{"name":"wp","href":"https:\/\/api.w.org\/{rel}","templated":true}]}}